{"id":3817,"date":"2020-10-23T09:06:14","date_gmt":"2020-10-23T09:06:14","guid":{"rendered":"https:\/\/fotokopi.com.tr\/?post_type=product&#038;p=3817"},"modified":"2025-12-17T21:42:16","modified_gmt":"2025-12-17T21:42:16","slug":"samsung-xpress-sl-m2020","status":"publish","type":"product","link":"https:\/\/fotokopi.com.tr\/index.php\/urun\/samsung-xpress-sl-m2020\/","title":{"rendered":"Samsung Xpress SL-M2020"},"content":{"rendered":"<table>\n<tbody>\n<tr>\n<td class=\"no-border\">\n<div id=\"productDescriptionContent\">\n<p>Samsung Xpress SL-M2020 Siyah Beyaz Lazer Yaz\u0131c\u0131 SS271D<\/p>\n<pre>\u00a0\r\n\r\n<img src=\"https:\/\/images.hepsiburada.net\/assets\/Bilgisayar\/ProductDesc\/SL-M2020-XAA-59-0.jpg\" alt=\"\" \/><\/pre>\n<h2 class=\"title\">Kullan\u0131m\u0131 Kolay<\/h2>\n<pre>\r\nBasit ve pratik kullan\u0131m i\u00e7in tasarlanan M2020 de\u011ferli zaman\u0131n\u0131zdan ve emekten tasarruf sa\u011flar.<span class=\"Apple-converted-space\">\u00a0<\/span>One Touch Print Screen<span class=\"Apple-converted-space\">\u00a0<\/span>Tek dokunu\u015fla yaz\u0131c\u0131ya do\u011frudan monit\u00f6r ekran\u0131nda i\u00e7erikleriniz g\u00f6r\u00fcn\u00fcr\r\n\r\n\r\n\r\n\r\n\r\n\r\n\r\n<img src=\"https:\/\/images.hepsiburada.net\/assets\/Bilgisayar\/ProductDesc\/SL-M2020-XAA-45-0.jpg\" alt=\"\" \/><\/pre>\n<h2 class=\"title\">Samsung Yaz\u0131c\u0131 Xpress M2020<\/h2>\n<pre><span id=\"ID_19405369\">Mobil Cihaz ile yazd\u0131rmak i\u00e7in yeni yol Tan\u0131t\u0131m\u0131.<\/span>\r\n\r\n\r\n\r\n\r\n\r\n\r\n\r\n\r\n\r\n\r\n\r\n\r\n\r\n\r\n\r\n\r\n\r\n<img src=\"https:\/\/images.hepsiburada.net\/assets\/Bilgisayar\/ProductDesc\/SL-M2020-XAA-73-0.jpg\" alt=\"\" \/><\/pre>\n<h2 class=\"title\">Ekonomik Bask\u0131<\/h2>\n<pre>Samsung'un Easy Eco S\u00fcr\u00fcc\u00fcs\u00fc Yaz\u0131c\u0131 toner ile % 20 kadar tasarruf.<span class=\"Apple-converted-space\">\u00a0K<\/span>ullan\u0131c\u0131lara gereksiz metin ve g\u00f6r\u00fcnt\u00fcleri kald\u0131rma se\u00e7ene\u011fi vererek ka\u011f\u0131t ve enerji t\u00fcketimini azalt\u0131r.Kolay Eko S\u00fcr\u00fcc\u00fc Al\u0131c\u0131lar Laboratuvar\u0131 \u0130novasyon\u00a0 (BLI) 2012 \u00dcst\u00fcn Ba\u015far\u0131\u00a0\u00d6d\u00fcl\u00fc\u00a0alm\u0131\u015ft\u0131r.\r\n\r\n\r\n\r\n\r\n\r\n\r\n\r\n\r\n\r\n<img src=\"https:\/\/images.hepsiburada.net\/assets\/Bilgisayar\/ProductDesc\/SL-M2020-XAA-69-0.jpg\" alt=\"\" \/><\/pre>\n<h2 class=\"title\">H\u0131zl\u0131 Bask\u0131<\/h2>\n<pre>H\u0131zl\u0131 bask\u0131 h\u0131zl\u0131 i\u015f ak\u0131\u015f\u0131 anlam\u0131na gelir.<span class=\"Apple-converted-space\">\u00a0<\/span>M2020 Dakikada 20 sayfa yazd\u0131rmak i\u00e7in 400 MHz i\u015flemci ve 128 MB bellek ile donat\u0131lm\u0131\u015ft\u0131r.<\/pre>\n<h2 class=\"title\"><\/h2>\n<pre>\r\n\r\n\r\n\r\n\r\n\r\n\r\n\r\n\r\n<img src=\"https:\/\/images.hepsiburada.net\/assets\/Bilgisayar\/ProductDesc\/SL-M2020-XAA-95476-0.jpg\" alt=\"\" \/>\r\nHer yerden Google Cloud Print<span class=\"Apple-converted-space\">\u00a0<\/span>\r\nCloud Print ak\u0131ll\u0131 telefonlar, tablet PC'ler, Google Chromebook'lar\u0131n, PC'ler ve di\u011fer web ba\u011fl\u0131 cihazlar \u00fczerinde \u00e7al\u0131\u015f\u0131r.\r\n\r\n\r\n\r\n\r\n\r\n\r\n\r\n\r\n\r\n\r\n\r\n\r\n\r\n<img src=\"https:\/\/images.hepsiburada.net\/assets\/Bilgisayar\/ProductDesc\/SL-M2020-XAA-117176-0.jpg\" alt=\"\" \/><\/pre>\n<h2 class=\"title\">Parlak Metin ve G\u00f6r\u00fcnt\u00fc Kalitesi<\/h2>\n<pre>\r\nM2020 bask\u0131lar ve parlak kalitede metin ve g\u00f6r\u00fcnt\u00fcleri tarar.1200 x 1200 dpi nokta b\u00fcy\u00fckl\u00fc\u011f\u00fc ve nokta kendisinin konumu de\u011fi\u015ftirilerek elde edilir.<span class=\"Apple-converted-space\">\u00a0<\/span>Bu p\u00fcr\u00fczs\u00fcz ve keskin g\u00f6r\u00fcnt\u00fc i\u00e7in daha detayl\u0131 yazd\u0131rabilirsiniz anlam\u0131na gelir.\u00a0\u00a0Enjoy<span class=\"Apple-converted-space\">\u00a0<\/span>Samsung'un benzersiz RECP (Temiz Page Rendering Engine)<span class=\"Apple-converted-space\">\u00a0<\/span>teknolojisi genel kalitesini art\u0131r\u0131r\r\n\r\n\r\n\r\n\r\n\r\n\r\n\r\n\r\n<img src=\"https:\/\/images.hepsiburada.net\/assets\/Bilgisayar\/ProductDesc\/SL-M2020-XAA-34924-0.jpg\" alt=\"\" \/><\/pre>\n<h2 class=\"title\">Kolay \u00c7\u00f6z\u00fcm Deste\u011fi<\/h2>\n<pre>\r\nYaz\u0131c\u0131 ayr\u0131ca her zamankinden daha kolay nihai kaliteli \u00e7\u0131kt\u0131lar teslim kontrol\u00fcn\u00fc size koymak i\u00e7in tasarlanm\u0131\u015f bir yaz\u0131l\u0131m deste\u011fi getiriyor.<span class=\"Apple-converted-space\">\u00a0<\/span>Kolay Yaz\u0131c\u0131 Y\u00f6neticisi<span class=\"Apple-converted-space\">\u00a0sayesinde\u00a0<\/span>uzaktan yaz\u0131c\u0131 ayarlar\u0131n\u0131 kontrol ve Kolay Yaz\u0131c\u0131 Y\u00f6neticisi ile durumunu takip edebilirsiniz\r\n\r\n\r\n\r\n\r\n\r\n\r\n\r\n\r\n\r\n<img src=\"https:\/\/images.hepsiburada.net\/assets\/Bilgisayar\/ProductDesc\/SL-M2020-XAA-90637-0.jpg\" alt=\"\" \/>\r\n\r\n<\/pre>\n<h2 class=\"title\">Ergonomik Tasar\u0131m<\/h2>\n<pre>\r\nYaz\u0131c\u0131 fazla yer kaplamas\u0131n\u0131 dert etmeyin.<span class=\"Apple-converted-space\">\u00a0<\/span>Kompakt ve zevkli tasar\u0131m\u0131 i\u015fbirlik\u00e7i yapar.<span class=\"Apple-converted-space\">\u00a0<\/span>Sadece 33,2 x 21,5 cm ayak izi ile<span class=\"Apple-converted-space\">\u00a0<\/span>Samsung k\u00fc\u00e7\u00fck lazer yaz\u0131c\u0131\u00a0ergonomik Tasar\u0131m<span class=\"Apple-converted-space\">\u00a0<\/span>abanoz kahverengi ve buz gri rengi ile Onun ergonomik tasar\u0131m\u0131 modern bir g\u00f6r\u00fcnt\u00fc olu\u015fturur.\r\n\r\n\r\n\r\n\r\n\r\n\r\n\r\n\r\n\r\n\r\n\r\n\r\n\r\n\r\n\r\n\r\n\r\n\r\n\r\n\r\n<img src=\"https:\/\/images.hepsiburada.net\/assets\/Bilgisayar\/ProductDesc\/SL-M2020-XAA-60-0.jpg\" alt=\"\" \/><\/pre>\n<h2 class=\"title\"><\/h2>\n<pre><\/pre>\n<p>Tonerlere dolum yap\u0131lamamaktad\u0131r. Orijinal toneri desteklemektedir,aksi takdirde cihaz garanti d\u0131\u015f\u0131 kalmaktad\u0131r.<\/p>\n<p>\u00dcr\u00fcn\u00fcn kutu i\u00e7eri\u011fi G\u00fc\u00e7 Kablosu ve Demo Tonerdir.<\/p>\n<\/div>\n<\/td>\n<\/tr>\n<\/tbody>\n<\/table>\n<div id=\"ctl00_ContentPlaceHolder1_ProductControl1_MainControl1_TabControl1_ProductDescription1_CustomContentBottom\"><\/div>\n<table>\n<tbody>\n<tr>\n<td class=\"no-border\">\n<table>\n<tbody>\n<tr>\n<td>\n<div class=\"tealium\">\n<div id=\"ccs-inline-content\" class=\"cnet-integration\"><\/div>\n<\/div>\n<\/td>\n<\/tr>\n<\/tbody>\n<\/table>\n<table>\n<tbody>\n<tr>\n<td>\n<div id=\"productTechSpecContainer\">\n<table class=\"data-list tech-spec\">\n<caption>\u00a0<\/caption>\n<tbody>\n<tr>\n<th>A3<\/th>\n<td>Yok<\/td>\n<\/tr>\n<tr>\n<th>A\u011f\u0131rl\u0131k (kg)<\/th>\n<td>3,9<\/td>\n<\/tr>\n<tr>\n<th>Air Print<\/th>\n<td>Yok<\/td>\n<\/tr>\n<tr>\n<th>Bask\u0131 Kalitesi (Renkli)<\/th>\n<td>Yok<\/td>\n<\/tr>\n<tr>\n<th>Bask\u0131 Kalitesi (Siyah)<\/th>\n<td>1200 x 1200 DPI<\/td>\n<\/tr>\n<tr>\n<th>Bask\u0131 T\u00fcr\u00fc<\/th>\n<td>Siyah &#8211; Beyaz<\/td>\n<\/tr>\n<tr>\n<th>Bit De\u011feri<\/th>\n<td>24 Bit<\/td>\n<\/tr>\n<tr>\n<th>Boyutlar<\/th>\n<td>331 x 215 x 178 mm<\/td>\n<\/tr>\n<tr>\n<th>Dahili Bellek<\/th>\n<td>8 MB<\/td>\n<\/tr>\n<tr>\n<th>Dakikadaki Renkli Bask\u0131 H\u0131z\u0131(Max)<\/th>\n<td>Yok<\/td>\n<\/tr>\n<tr>\n<th>Dakikadaki Siyah\/Beyaz Bask\u0131 H\u0131z\u0131(Max)<\/th>\n<td>20 Sayfa<\/td>\n<\/tr>\n<tr>\n<th>Dublex Bask\u0131<\/th>\n<td>Yok<\/td>\n<\/tr>\n<tr>\n<th>Ekran<\/th>\n<td>Yok<\/td>\n<\/tr>\n<tr>\n<th>Ethernet Ba\u011flant\u0131s\u0131<\/th>\n<td>Yok<\/td>\n<\/tr>\n<tr>\n<th>Faks \u00d6zelli\u011fi<\/th>\n<td>Yok<\/td>\n<\/tr>\n<tr>\n<th>Foto\u011fraf Bask\u0131s\u0131<\/th>\n<td>Yok<\/td>\n<\/tr>\n<tr>\n<th>Fotokopi \u00d6zelli\u011fi<\/th>\n<td>Yok<\/td>\n<\/tr>\n<tr>\n<th>\u0130\u015fletim Sistemi<\/th>\n<td>Linux, Mac OS, Windows<\/td>\n<\/tr>\n<tr>\n<th>Ka\u011f\u0131t Boyutlar\u0131<\/th>\n<td>A4, A5, B5, B6<\/td>\n<\/tr>\n<tr>\n<th>Ka\u011f\u0131t \u00c7\u0131k\u0131\u015f Kapasitesi<\/th>\n<td>100 Sayfa<\/td>\n<\/tr>\n<tr>\n<th>Ka\u011f\u0131t Giri\u015f Kapasitesi<\/th>\n<td>150 Sayfa<\/td>\n<\/tr>\n<tr>\n<th>Kart Okuyucu<\/th>\n<td>Yok<\/td>\n<\/tr>\n<tr>\n<th>Kartu\u015f \/ Toner Adedi<\/th>\n<td>1<\/td>\n<\/tr>\n<tr>\n<th>Renkli Tarama<\/th>\n<td>Yok<\/td>\n<\/tr>\n<tr>\n<th>Sarf Durumu (Kutudaki)<\/th>\n<td>Demo Toner<\/td>\n<\/tr>\n<tr>\n<th>Tarama \u00c7\u00f6z\u00fcn\u00fcrl\u00fc\u011f\u00fc<\/th>\n<td>Yok<\/td>\n<\/tr>\n<tr>\n<th>Taray\u0131c\u0131 \u00d6zelli\u011fi<\/th>\n<td>Yok<\/td>\n<\/tr>\n<tr>\n<th>Usb Kablo<\/th>\n<td>Yok<\/td>\n<\/tr>\n<tr>\n<th>USB<\/th>\n<td>Yok<\/td>\n<\/tr>\n<tr>\n<th>Wi-Fi<\/th>\n<td>Yok<\/td>\n<\/tr>\n<tr>\n<th>Yaz\u0131c\u0131 Tipi<\/th>\n<td>Tek Fonksiyonlu<\/td>\n<\/tr>\n<\/tbody>\n<\/table>\n<table class=\"data-list tech-spec\">\n<caption>Di\u011fer<\/caption>\n<tbody>\n<tr>\n<th>Garanti S\u00fcresi (Ay)<\/th>\n<td>24<\/td>\n<\/tr>\n<tr>\n<th>Yurt D\u0131\u015f\u0131 Sat\u0131\u015f<\/th>\n<td>Yok<\/td>\n<\/tr>\n<tr>\n<th>Stok Kodu<\/th>\n<td>BD801737<\/td>\n<\/tr>\n<\/tbody>\n<\/table>\n<\/div>\n<\/td>\n<\/tr>\n<\/tbody>\n<\/table>\n<\/td>\n<\/tr>\n<\/tbody>\n<\/table>\n","protected":false},"excerpt":{"rendered":"<p>Samsung Xpress SL-M2020 Siyah Beyaz Lazer Yaz\u0131c\u0131 SS271D \u00a0 Kullan\u0131m\u0131 Kolay Basit ve pratik kullan\u0131m i\u00e7in tasarlanan M2020 de\u011ferli zaman\u0131n\u0131zdan ve emekten tasarruf sa\u011flar.\u00a0One Touch Print Screen\u00a0Tek dokunu\u015fla yaz\u0131c\u0131ya do\u011frudan monit\u00f6r ekran\u0131nda i\u00e7erikleriniz g\u00f6r\u00fcn\u00fcr Samsung Yaz\u0131c\u0131 Xpress M2020 Mobil Cihaz ile yazd\u0131rmak i\u00e7in yeni yol Tan\u0131t\u0131m\u0131. Ekonomik Bask\u0131 Samsung&#8217;un Easy Eco S\u00fcr\u00fcc\u00fcs\u00fc Yaz\u0131c\u0131 toner ile % 20 kadar tasarruf.\u00a0Kullan\u0131c\u0131lara gereksiz metin ve g\u00f6r\u00fcnt\u00fcleri kald\u0131rma se\u00e7ene\u011fi vererek ka\u011f\u0131t ve enerji t\u00fcketimini azalt\u0131r.Kolay Eko S\u00fcr\u00fcc\u00fc Al\u0131c\u0131lar Laboratuvar\u0131 \u0130novasyon\u00a0 (BLI) 2012 \u00dcst\u00fcn Ba\u015far\u0131\u00a0\u00d6d\u00fcl\u00fc\u00a0alm\u0131\u015ft\u0131r. [&hellip;]<\/p>\n","protected":false},"featured_media":3819,"comment_status":"open","ping_status":"closed","template":"","meta":{"_bbp_topic_count":0,"_bbp_reply_count":0,"_bbp_total_topic_count":0,"_bbp_total_reply_count":0,"_bbp_voice_count":0,"_bbp_anonymous_reply_count":0,"_bbp_topic_count_hidden":0,"_bbp_reply_count_hidden":0,"_bbp_forum_subforum_count":0},"yoast_head":"<!-- This site is optimized with the Yoast SEO plugin v15.1.1 - https:\/\/yoast.com\/wordpress\/plugins\/seo\/ -->\n<title>Samsung Xpress SL-M2020 - Fotokopix<\/title>\n<meta name=\"robots\" content=\"index, follow, max-snippet:-1, max-image-preview:large, max-video-preview:-1\" \/>\n<link rel=\"canonical\" href=\"https:\/\/fotokopi.com.tr\/index.php\/urun\/samsung-xpress-sl-m2020\/\" \/>\n<meta property=\"og:locale\" content=\"tr_TR\" \/>\n<meta property=\"og:type\" content=\"article\" \/>\n<meta property=\"og:title\" content=\"Samsung Xpress SL-M2020 - Fotokopix\" \/>\n<meta property=\"og:description\" content=\"Samsung Xpress SL-M2020 Siyah Beyaz Lazer Yaz\u0131c\u0131 SS271D \u00a0 Kullan\u0131m\u0131 Kolay Basit ve pratik kullan\u0131m i\u00e7in tasarlanan M2020 de\u011ferli zaman\u0131n\u0131zdan ve emekten tasarruf sa\u011flar.\u00a0One Touch Print Screen\u00a0Tek dokunu\u015fla yaz\u0131c\u0131ya do\u011frudan monit\u00f6r ekran\u0131nda i\u00e7erikleriniz g\u00f6r\u00fcn\u00fcr Samsung Yaz\u0131c\u0131 Xpress M2020 Mobil Cihaz ile yazd\u0131rmak i\u00e7in yeni yol Tan\u0131t\u0131m\u0131. Ekonomik Bask\u0131 Samsung&#039;un Easy Eco S\u00fcr\u00fcc\u00fcs\u00fc Yaz\u0131c\u0131 toner ile % 20 kadar tasarruf.\u00a0Kullan\u0131c\u0131lara gereksiz metin ve g\u00f6r\u00fcnt\u00fcleri kald\u0131rma se\u00e7ene\u011fi vererek ka\u011f\u0131t ve enerji t\u00fcketimini azalt\u0131r.Kolay Eko S\u00fcr\u00fcc\u00fc Al\u0131c\u0131lar Laboratuvar\u0131 \u0130novasyon\u00a0 (BLI) 2012 \u00dcst\u00fcn Ba\u015far\u0131\u00a0\u00d6d\u00fcl\u00fc\u00a0alm\u0131\u015ft\u0131r. [&hellip;]\" \/>\n<meta property=\"og:url\" content=\"https:\/\/fotokopi.com.tr\/index.php\/urun\/samsung-xpress-sl-m2020\/\" \/>\n<meta property=\"og:site_name\" content=\"Fotokopix\" \/>\n<meta property=\"article:modified_time\" content=\"2025-12-17T21:42:16+00:00\" \/>\n<meta property=\"og:image\" content=\"https:\/\/fotokopi.com.tr\/wp-content\/uploads\/2020\/10\/SLM2020-YAZICI.png\" \/>\n\t<meta property=\"og:image:width\" content=\"375\" \/>\n\t<meta property=\"og:image:height\" content=\"375\" \/>\n<meta name=\"twitter:card\" content=\"summary_large_image\" \/>\n<script type=\"application\/ld+json\" class=\"yoast-schema-graph\">{\"@context\":\"https:\/\/schema.org\",\"@graph\":[{\"@type\":\"WebSite\",\"@id\":\"https:\/\/fotokopi.com.tr\/#website\",\"url\":\"https:\/\/fotokopi.com.tr\/\",\"name\":\"Fotokopix\",\"description\":\"T\\u00fcrkiye&#039;nin Fotokopicisi\",\"potentialAction\":[{\"@type\":\"SearchAction\",\"target\":\"https:\/\/fotokopi.com.tr\/?s={search_term_string}\",\"query-input\":\"required name=search_term_string\"}],\"inLanguage\":\"tr\"},{\"@type\":\"ImageObject\",\"@id\":\"https:\/\/fotokopi.com.tr\/index.php\/urun\/samsung-xpress-sl-m2020\/#primaryimage\",\"inLanguage\":\"tr\",\"url\":\"https:\/\/fotokopi.com.tr\/wp-content\/uploads\/2020\/10\/SLM2020-YAZICI.png\",\"width\":375,\"height\":375},{\"@type\":\"WebPage\",\"@id\":\"https:\/\/fotokopi.com.tr\/index.php\/urun\/samsung-xpress-sl-m2020\/#webpage\",\"url\":\"https:\/\/fotokopi.com.tr\/index.php\/urun\/samsung-xpress-sl-m2020\/\",\"name\":\"Samsung Xpress SL-M2020 - Fotokopix\",\"isPartOf\":{\"@id\":\"https:\/\/fotokopi.com.tr\/#website\"},\"primaryImageOfPage\":{\"@id\":\"https:\/\/fotokopi.com.tr\/index.php\/urun\/samsung-xpress-sl-m2020\/#primaryimage\"},\"datePublished\":\"2020-10-23T09:06:14+00:00\",\"dateModified\":\"2025-12-17T21:42:16+00:00\",\"inLanguage\":\"tr\",\"potentialAction\":[{\"@type\":\"ReadAction\",\"target\":[\"https:\/\/fotokopi.com.tr\/index.php\/urun\/samsung-xpress-sl-m2020\/\"]}]}]}<\/script>\n<!-- \/ Yoast SEO plugin. -->","_links":{"self":[{"href":"https:\/\/fotokopi.com.tr\/index.php\/wp-json\/wp\/v2\/product\/3817"}],"collection":[{"href":"https:\/\/fotokopi.com.tr\/index.php\/wp-json\/wp\/v2\/product"}],"about":[{"href":"https:\/\/fotokopi.com.tr\/index.php\/wp-json\/wp\/v2\/types\/product"}],"replies":[{"embeddable":true,"href":"https:\/\/fotokopi.com.tr\/index.php\/wp-json\/wp\/v2\/comments?post=3817"}],"wp:featuredmedia":[{"embeddable":true,"href":"https:\/\/fotokopi.com.tr\/index.php\/wp-json\/wp\/v2\/media\/3819"}],"wp:attachment":[{"href":"https:\/\/fotokopi.com.tr\/index.php\/wp-json\/wp\/v2\/media?parent=3817"}],"curies":[{"name":"wp","href":"https:\/\/api.w.org\/{rel}","templated":true}]}}