{"id":3803,"date":"2020-10-23T08:38:57","date_gmt":"2020-10-23T08:38:57","guid":{"rendered":"https:\/\/fotokopi.com.tr\/?post_type=product&#038;p=3803"},"modified":"2025-12-05T10:43:48","modified_gmt":"2025-12-05T10:43:48","slug":"samsung-xpress-sl-c410w","status":"publish","type":"product","link":"https:\/\/fotokopi.com.tr\/index.php\/urun\/samsung-xpress-sl-c410w\/","title":{"rendered":"Samsung XPRESS SL-C410W"},"content":{"rendered":"<p>\u00d6n Bellek<\/p>\n<p>32 MB<\/p>\n<p>&nbsp;<\/p>\n<p>Wi-Fi<\/p>\n<p>Var<\/p>\n<p>&nbsp;<\/p>\n<p>Ethernet<\/p>\n<p>10\/100<\/p>\n<p>&nbsp;<\/p>\n<p>Siyah Bask\u0131 H\u0131z\u0131<\/p>\n<p>18 Sayfa\/Dakika<\/p>\n<p>&nbsp;<\/p>\n<p>Renkli Bask\u0131 H\u0131z\u0131<\/p>\n<p>4 sayfa\/dakika<\/p>\n<p>&nbsp;<\/p>\n<p>\u0130lk Bask\u0131 S\u00fcresi<\/p>\n<p>13.6 Sn.<\/p>\n<p>&nbsp;<\/p>\n<p>Dubleks Bask\u0131<\/p>\n<p>Elle<\/p>\n<p>&nbsp;<\/p>\n<p>A3 Bask\u0131<\/p>\n<p>Yok<\/p>\n<p>&nbsp;<\/p>\n<p>Bask\u0131 Kalitesi (Renkli)<\/p>\n<p>2400 x 600 Dpi<\/p>\n<p>&nbsp;<\/p>\n<p>Bask\u0131 Kalitesi (Siyah)<\/p>\n<p>2400 x 600 Dpi<\/p>\n<p>&nbsp;<\/p>\n<p>Faks \u00d6zelli\u011fi<\/p>\n<p>Yok<\/p>\n<p>&nbsp;<\/p>\n<p>Renkli Tarama \u00d6zelli\u011fi<\/p>\n<p>Yok<\/p>\n<p>&nbsp;<\/p>\n<p>Taray\u0131c\u0131 Bit Derinli\u011fi<\/p>\n<p>Yok<\/p>\n<p>&nbsp;<\/p>\n<p>Taray\u0131c\u0131 \u00c7\u00f6z\u00fcn\u00fcrl\u00fc\u011f\u00fc<\/p>\n<p>Yok<\/p>\n<p>&nbsp;<\/p>\n<p>Ka\u011f\u0131t T\u00fcrleri<\/p>\n<p>A4 \/ 76 x 152,4 mm (3&#8243; x 6&#8243;) ~ 216 x 355,6 mm (8,5&#8243; x 14&#8243;)<\/p>\n<p>&nbsp;<\/p>\n<p>A\u011f\u0131rl\u0131k<\/p>\n<p>9,85 kg<\/p>\n<p>&nbsp;<\/p>\n<p>Toner Say\u0131s\u0131<\/p>\n<p>4 Adet<\/p>\n<p>&nbsp;<\/p>\n<p>Kartu\u015f\/Toner Kapasitesi<\/p>\n<p>700 Sayfa<\/p>\n<p>&nbsp;<\/p>\n<p>Boyutlar YxGxD (mm)<\/p>\n<p>382 x 309 x 211 mm ( G X D X Y )<\/p>\n<p>&nbsp;<\/p>\n","protected":false},"excerpt":{"rendered":"<p>\u00d6n Bellek 32 MB &nbsp; Wi-Fi Var &nbsp; Ethernet 10\/100 &nbsp; Siyah Bask\u0131 H\u0131z\u0131 18 Sayfa\/Dakika &nbsp; Renkli Bask\u0131 H\u0131z\u0131 4 sayfa\/dakika &nbsp; \u0130lk Bask\u0131 S\u00fcresi 13.6 Sn. &nbsp; Dubleks Bask\u0131 Elle &nbsp; A3 Bask\u0131 Yok &nbsp; Bask\u0131 Kalitesi (Renkli) 2400 x 600 Dpi &nbsp; Bask\u0131 Kalitesi (Siyah) 2400 x 600 Dpi &nbsp; Faks \u00d6zelli\u011fi Yok &nbsp; Renkli Tarama \u00d6zelli\u011fi Yok &nbsp; Taray\u0131c\u0131 Bit Derinli\u011fi Yok &nbsp; Taray\u0131c\u0131 \u00c7\u00f6z\u00fcn\u00fcrl\u00fc\u011f\u00fc Yok &nbsp; Ka\u011f\u0131t T\u00fcrleri A4 \/ 76 x 152,4 mm (3&#8243; [&hellip;]<\/p>\n","protected":false},"featured_media":3813,"comment_status":"open","ping_status":"closed","template":"","meta":{"_bbp_topic_count":0,"_bbp_reply_count":0,"_bbp_total_topic_count":0,"_bbp_total_reply_count":0,"_bbp_voice_count":0,"_bbp_anonymous_reply_count":0,"_bbp_topic_count_hidden":0,"_bbp_reply_count_hidden":0,"_bbp_forum_subforum_count":0},"yoast_head":"<!-- This site is optimized with the Yoast SEO plugin v15.1.1 - https:\/\/yoast.com\/wordpress\/plugins\/seo\/ -->\n<title>Samsung XPRESS SL-C410W - Fotokopix<\/title>\n<meta name=\"robots\" content=\"index, follow, max-snippet:-1, max-image-preview:large, max-video-preview:-1\" \/>\n<link rel=\"canonical\" href=\"https:\/\/fotokopi.com.tr\/index.php\/urun\/samsung-xpress-sl-c410w\/\" \/>\n<meta property=\"og:locale\" content=\"tr_TR\" \/>\n<meta property=\"og:type\" content=\"article\" \/>\n<meta property=\"og:title\" content=\"Samsung XPRESS SL-C410W - Fotokopix\" \/>\n<meta property=\"og:description\" content=\"\u00d6n Bellek 32 MB &nbsp; Wi-Fi Var &nbsp; Ethernet 10\/100 &nbsp; Siyah Bask\u0131 H\u0131z\u0131 18 Sayfa\/Dakika &nbsp; Renkli Bask\u0131 H\u0131z\u0131 4 sayfa\/dakika &nbsp; \u0130lk Bask\u0131 S\u00fcresi 13.6 Sn. &nbsp; Dubleks Bask\u0131 Elle &nbsp; A3 Bask\u0131 Yok &nbsp; Bask\u0131 Kalitesi (Renkli) 2400 x 600 Dpi &nbsp; Bask\u0131 Kalitesi (Siyah) 2400 x 600 Dpi &nbsp; Faks \u00d6zelli\u011fi Yok &nbsp; Renkli Tarama \u00d6zelli\u011fi Yok &nbsp; Taray\u0131c\u0131 Bit Derinli\u011fi Yok &nbsp; Taray\u0131c\u0131 \u00c7\u00f6z\u00fcn\u00fcrl\u00fc\u011f\u00fc Yok &nbsp; Ka\u011f\u0131t T\u00fcrleri A4 \/ 76 x 152,4 mm (3&#8243; [&hellip;]\" \/>\n<meta property=\"og:url\" content=\"https:\/\/fotokopi.com.tr\/index.php\/urun\/samsung-xpress-sl-c410w\/\" \/>\n<meta property=\"og:site_name\" content=\"Fotokopix\" \/>\n<meta property=\"article:modified_time\" content=\"2025-12-05T10:43:48+00:00\" \/>\n<meta property=\"og:image\" content=\"https:\/\/fotokopi.com.tr\/wp-content\/uploads\/2020\/10\/410W-yazici.png\" \/>\n\t<meta property=\"og:image:width\" content=\"375\" \/>\n\t<meta property=\"og:image:height\" content=\"375\" \/>\n<meta name=\"twitter:card\" content=\"summary_large_image\" \/>\n<script type=\"application\/ld+json\" class=\"yoast-schema-graph\">{\"@context\":\"https:\/\/schema.org\",\"@graph\":[{\"@type\":\"WebSite\",\"@id\":\"https:\/\/fotokopi.com.tr\/#website\",\"url\":\"https:\/\/fotokopi.com.tr\/\",\"name\":\"Fotokopix\",\"description\":\"T\\u00fcrkiye&#039;nin Fotokopicisi\",\"potentialAction\":[{\"@type\":\"SearchAction\",\"target\":\"https:\/\/fotokopi.com.tr\/?s={search_term_string}\",\"query-input\":\"required name=search_term_string\"}],\"inLanguage\":\"tr\"},{\"@type\":\"ImageObject\",\"@id\":\"https:\/\/fotokopi.com.tr\/index.php\/urun\/samsung-xpress-sl-c410w\/#primaryimage\",\"inLanguage\":\"tr\",\"url\":\"https:\/\/fotokopi.com.tr\/wp-content\/uploads\/2020\/10\/410W-yazici.png\",\"width\":375,\"height\":375},{\"@type\":\"WebPage\",\"@id\":\"https:\/\/fotokopi.com.tr\/index.php\/urun\/samsung-xpress-sl-c410w\/#webpage\",\"url\":\"https:\/\/fotokopi.com.tr\/index.php\/urun\/samsung-xpress-sl-c410w\/\",\"name\":\"Samsung XPRESS SL-C410W - Fotokopix\",\"isPartOf\":{\"@id\":\"https:\/\/fotokopi.com.tr\/#website\"},\"primaryImageOfPage\":{\"@id\":\"https:\/\/fotokopi.com.tr\/index.php\/urun\/samsung-xpress-sl-c410w\/#primaryimage\"},\"datePublished\":\"2020-10-23T08:38:57+00:00\",\"dateModified\":\"2025-12-05T10:43:48+00:00\",\"inLanguage\":\"tr\",\"potentialAction\":[{\"@type\":\"ReadAction\",\"target\":[\"https:\/\/fotokopi.com.tr\/index.php\/urun\/samsung-xpress-sl-c410w\/\"]}]}]}<\/script>\n<!-- \/ Yoast SEO plugin. -->","_links":{"self":[{"href":"https:\/\/fotokopi.com.tr\/index.php\/wp-json\/wp\/v2\/product\/3803"}],"collection":[{"href":"https:\/\/fotokopi.com.tr\/index.php\/wp-json\/wp\/v2\/product"}],"about":[{"href":"https:\/\/fotokopi.com.tr\/index.php\/wp-json\/wp\/v2\/types\/product"}],"replies":[{"embeddable":true,"href":"https:\/\/fotokopi.com.tr\/index.php\/wp-json\/wp\/v2\/comments?post=3803"}],"wp:featuredmedia":[{"embeddable":true,"href":"https:\/\/fotokopi.com.tr\/index.php\/wp-json\/wp\/v2\/media\/3813"}],"wp:attachment":[{"href":"https:\/\/fotokopi.com.tr\/index.php\/wp-json\/wp\/v2\/media?parent=3803"}],"curies":[{"name":"wp","href":"https:\/\/api.w.org\/{rel}","templated":true}]}}