{"id":3802,"date":"2020-10-23T08:36:36","date_gmt":"2020-10-23T08:36:36","guid":{"rendered":"https:\/\/fotokopi.com.tr\/?post_type=product&#038;p=3802"},"modified":"2025-12-28T05:23:50","modified_gmt":"2025-12-28T05:23:50","slug":"samsung-clx-3305fn","status":"publish","type":"product","link":"https:\/\/fotokopi.com.tr\/index.php\/urun\/samsung-clx-3305fn\/","title":{"rendered":"Samsung CLX-3305FN"},"content":{"rendered":"<table>\n<tbody>\n<tr>\n<td class=\"no-border\">\n<div id=\"productDescriptionContent\">\n<p>Samsung CLX-3305FN Faks + Fotokopi + Taray\u0131c\u0131 Laser Yaz\u0131c\u0131<\/p>\n<div class=\"w940 fleft\">\n<div class=\"w940 fleft\"><span class=\"fleft\">G\u00fcnl\u00fck ya\u015fam\u0131n\u0131z i\u00e7in. Samsung Renkli Lazer \u00c7ok Fonksiyonlu Yaz\u0131c\u0131 Ger\u00e7ek renkler, kompakt boyut.<\/span><\/div>\n<div class=\"fleft w940\"><\/div>\n<div class=\"w940 fleft mt10\">\n<div class=\"fleft\"><img title=\"hepsiburada\" src=\"https:\/\/images.hepsiburada.net\/assets\/Bilgisayar\/ProductDesc\/samsung-clx3305-1.jpg\" alt=\"hepsiburada\" \/><\/div>\n<div class=\"fleft\"><span class=\"fleft\">4\u2019\u00fc 1 Arada \u00c7ok Fonksiyon<\/span><span class=\"fleft\">ECO d\u00fc\u011fmesine sadece bir kez bas\u0131n ve hemen ka\u011f\u0131t ve enerjiden tasarruf edin. 2 misli, 4 misli ve \u00e7ift kat olmak \u00fczere her sayfaya daha fazla bask\u0131 yap\u0131n. Easy Document Creator, b\u00fcy\u00fck belgeleri veya di\u011fer taranm\u0131\u015f veya fakslanm\u0131\u015f bilgileri dijital olarak derlemenize ve payla\u015ft\u0131rman\u0131za yard\u0131m eden bir uygulamad\u0131r. Zamandan tasarruf ederek ekranda ne g\u00f6r\u00fcyorsan\u0131z tek bir t\u0131klamayla yazd\u0131r\u0131n.<\/span><\/div>\n<\/div>\n<div class=\"fleft w940\"><\/div>\n<div class=\"w940 fleft mt10\">\n<div class=\"fleft\"><img title=\"hepsiburada\" src=\"https:\/\/images.hepsiburada.net\/assets\/Bilgisayar\/ProductDesc\/samsung-clx3305-2.jpg\" alt=\"hepsiburada\" \/><\/div>\n<div class=\"fleft\"><span class=\"fleft\">Kaliteli \u00e7\u0131kt\u0131lar\u0131n keyfini ya\u015fay\u0131n<\/span><span class=\"fleft\">Samsung\u2019un benzersiz ReCP (Temiz Sayfalar \u0130\u015fleme Motoru) Teknolojisi, her \u00e7\u0131kt\u0131n\u0131n m\u00fckemmel g\u00f6r\u00fcnmesini sa\u011flayacak \u015fekilde renkli bask\u0131lar\u0131n\u0131z\u0131n genel kalite ve canl\u0131l\u0131\u011f\u0131n\u0131 art\u0131r\u0131r. Beyaz bo\u015fluklar\u0131 ortadan kald\u0131rmak i\u00e7in kat\u0131 nesneler birbirinin \u00fczerine binerken grafik ve metnin her ikisinde oda\u011f\u0131 keskinle\u015ftirir.<\/span><\/div>\n<\/div>\n<div class=\"fleft w940\"><\/div>\n<div class=\"w940 fleft mt10\">\n<div class=\"fleft\"><img title=\"hepsiburada\" src=\"https:\/\/images.hepsiburada.net\/assets\/Bilgisayar\/ProductDesc\/samsung-clx3305-3.jpg\" alt=\"hepsiburada\" \/><\/div>\n<div class=\"fleft\"><span class=\"fleft\">Polimerize toner<\/span><span class=\"fleft\">Yeni geli\u015ftirmi\u015f oldu\u011fumuz polimerize toner geleneksel tonerden daha k\u00fc\u00e7\u00fck ve daha tek tip partik\u00fcllere sahiptir. Bu, herhangi bir ka\u011f\u0131t k\u0131vr\u0131lmas\u0131n\u0131n engellenmesine yard\u0131mc\u0131 olacak \u015fekilde \u00e7\u0131kt\u0131lar\u0131n\u0131z\u0131n daha net hatlara ve daha canl\u0131 renklere sahip olaca\u011f\u0131 anlam\u0131na gelmektedir. Ayr\u0131ca daha y\u00fcksek cila i\u00e7eri\u011fi yaln\u0131zca g\u00f6r\u00fcnt\u00fc parlakl\u0131\u011f\u0131n\u0131 art\u0131rmakta ve istenmeyen renk solmalar\u0131n\u0131n engellenmesi s\u00fcreklili\u011fini geli\u015ftirmektedir.<\/span><\/div>\n<\/div>\n<div class=\"fleft w940\"><\/div>\n<div class=\"w940 fleft mt10\">\n<div class=\"fleft\"><img title=\"hepsiburada\" src=\"https:\/\/images.hepsiburada.net\/assets\/Bilgisayar\/ProductDesc\/samsung-clx3305-4.jpg\" alt=\"hepsiburada\" \/><\/div>\n<div class=\"fleft\">\n<p><span class=\"fleft\">Ergonomik tasar\u0131m<\/span><span class=\"fleft\">Bu yaz\u0131c\u0131n\u0131n yerinizi kalabal\u0131kla\u015ft\u0131raca\u011f\u0131 konusunda endi\u015fe etmeyin. G\u00fczel ve kompakt tasar\u0131m\u0131 bir masan\u0131n payla\u015f\u0131lmas\u0131n\u0131 keyifli hale getirmektedir.<\/span><\/p>\n<p>&#8211; K\u00fc\u00e7\u00fck Boyutlu Kaplama Alan\u0131 Sadece 40,6 x 36,2 cm boyutundaki kaplama alan\u0131yla d\u00fcnyan\u0131n en k\u00fc\u00e7\u00fck renkli \u00e7ok fonksiyonlu lazer yaz\u0131c\u0131lar\u0131ndan biridir.<\/p>\n<p>&#8211; Ergonomik tasar\u0131m Koyu renkli kahverengi ve buz grisi rengiyle ergonomik tasar\u0131m\u0131 modern ve zarif bir \u00e7al\u0131\u015fma ortam\u0131 olu\u015fturmaktad\u0131r.<\/p>\n<\/div>\n<\/div>\n<\/div>\n<\/div>\n<\/td>\n<\/tr>\n<\/tbody>\n<\/table>\n","protected":false},"excerpt":{"rendered":"<p>Samsung CLX-3305FN Faks + Fotokopi + Taray\u0131c\u0131 Laser Yaz\u0131c\u0131 G\u00fcnl\u00fck ya\u015fam\u0131n\u0131z i\u00e7in. Samsung Renkli Lazer \u00c7ok Fonksiyonlu Yaz\u0131c\u0131 Ger\u00e7ek renkler, kompakt boyut. 4\u2019\u00fc 1 Arada \u00c7ok FonksiyonECO d\u00fc\u011fmesine sadece bir kez bas\u0131n ve hemen ka\u011f\u0131t ve enerjiden tasarruf edin. 2 misli, 4 misli ve \u00e7ift kat olmak \u00fczere her sayfaya daha fazla bask\u0131 yap\u0131n. Easy Document Creator, b\u00fcy\u00fck belgeleri veya di\u011fer taranm\u0131\u015f veya fakslanm\u0131\u015f bilgileri dijital olarak derlemenize ve payla\u015ft\u0131rman\u0131za yard\u0131m eden bir uygulamad\u0131r. Zamandan tasarruf ederek ekranda ne g\u00f6r\u00fcyorsan\u0131z [&hellip;]<\/p>\n","protected":false},"featured_media":3811,"comment_status":"open","ping_status":"closed","template":"","meta":{"_bbp_topic_count":0,"_bbp_reply_count":0,"_bbp_total_topic_count":0,"_bbp_total_reply_count":0,"_bbp_voice_count":0,"_bbp_anonymous_reply_count":0,"_bbp_topic_count_hidden":0,"_bbp_reply_count_hidden":0,"_bbp_forum_subforum_count":0},"yoast_head":"<!-- This site is optimized with the Yoast SEO plugin v15.1.1 - https:\/\/yoast.com\/wordpress\/plugins\/seo\/ -->\n<title>Samsung CLX-3305FN - Fotokopix<\/title>\n<meta name=\"robots\" content=\"index, follow, max-snippet:-1, max-image-preview:large, max-video-preview:-1\" \/>\n<link rel=\"canonical\" href=\"https:\/\/fotokopi.com.tr\/index.php\/urun\/samsung-clx-3305fn\/\" \/>\n<meta property=\"og:locale\" content=\"tr_TR\" \/>\n<meta property=\"og:type\" content=\"article\" \/>\n<meta property=\"og:title\" content=\"Samsung CLX-3305FN - Fotokopix\" \/>\n<meta property=\"og:description\" content=\"Samsung CLX-3305FN Faks + Fotokopi + Taray\u0131c\u0131 Laser Yaz\u0131c\u0131 G\u00fcnl\u00fck ya\u015fam\u0131n\u0131z i\u00e7in. Samsung Renkli Lazer \u00c7ok Fonksiyonlu Yaz\u0131c\u0131 Ger\u00e7ek renkler, kompakt boyut. 4\u2019\u00fc 1 Arada \u00c7ok FonksiyonECO d\u00fc\u011fmesine sadece bir kez bas\u0131n ve hemen ka\u011f\u0131t ve enerjiden tasarruf edin. 2 misli, 4 misli ve \u00e7ift kat olmak \u00fczere her sayfaya daha fazla bask\u0131 yap\u0131n. Easy Document Creator, b\u00fcy\u00fck belgeleri veya di\u011fer taranm\u0131\u015f veya fakslanm\u0131\u015f bilgileri dijital olarak derlemenize ve payla\u015ft\u0131rman\u0131za yard\u0131m eden bir uygulamad\u0131r. Zamandan tasarruf ederek ekranda ne g\u00f6r\u00fcyorsan\u0131z [&hellip;]\" \/>\n<meta property=\"og:url\" content=\"https:\/\/fotokopi.com.tr\/index.php\/urun\/samsung-clx-3305fn\/\" \/>\n<meta property=\"og:site_name\" content=\"Fotokopix\" \/>\n<meta property=\"article:modified_time\" content=\"2025-12-28T05:23:50+00:00\" \/>\n<meta property=\"og:image\" content=\"https:\/\/fotokopi.com.tr\/wp-content\/uploads\/2020\/10\/3305-yazici.png\" \/>\n\t<meta property=\"og:image:width\" content=\"375\" \/>\n\t<meta property=\"og:image:height\" content=\"375\" \/>\n<meta name=\"twitter:card\" content=\"summary_large_image\" \/>\n<script type=\"application\/ld+json\" class=\"yoast-schema-graph\">{\"@context\":\"https:\/\/schema.org\",\"@graph\":[{\"@type\":\"WebSite\",\"@id\":\"https:\/\/fotokopi.com.tr\/#website\",\"url\":\"https:\/\/fotokopi.com.tr\/\",\"name\":\"Fotokopix\",\"description\":\"T\\u00fcrkiye&#039;nin Fotokopicisi\",\"potentialAction\":[{\"@type\":\"SearchAction\",\"target\":\"https:\/\/fotokopi.com.tr\/?s={search_term_string}\",\"query-input\":\"required name=search_term_string\"}],\"inLanguage\":\"tr\"},{\"@type\":\"ImageObject\",\"@id\":\"https:\/\/fotokopi.com.tr\/index.php\/urun\/samsung-clx-3305fn\/#primaryimage\",\"inLanguage\":\"tr\",\"url\":\"https:\/\/fotokopi.com.tr\/wp-content\/uploads\/2020\/10\/3305-yazici.png\",\"width\":375,\"height\":375},{\"@type\":\"WebPage\",\"@id\":\"https:\/\/fotokopi.com.tr\/index.php\/urun\/samsung-clx-3305fn\/#webpage\",\"url\":\"https:\/\/fotokopi.com.tr\/index.php\/urun\/samsung-clx-3305fn\/\",\"name\":\"Samsung CLX-3305FN - Fotokopix\",\"isPartOf\":{\"@id\":\"https:\/\/fotokopi.com.tr\/#website\"},\"primaryImageOfPage\":{\"@id\":\"https:\/\/fotokopi.com.tr\/index.php\/urun\/samsung-clx-3305fn\/#primaryimage\"},\"datePublished\":\"2020-10-23T08:36:36+00:00\",\"dateModified\":\"2025-12-28T05:23:50+00:00\",\"inLanguage\":\"tr\",\"potentialAction\":[{\"@type\":\"ReadAction\",\"target\":[\"https:\/\/fotokopi.com.tr\/index.php\/urun\/samsung-clx-3305fn\/\"]}]}]}<\/script>\n<!-- \/ Yoast SEO plugin. -->","_links":{"self":[{"href":"https:\/\/fotokopi.com.tr\/index.php\/wp-json\/wp\/v2\/product\/3802"}],"collection":[{"href":"https:\/\/fotokopi.com.tr\/index.php\/wp-json\/wp\/v2\/product"}],"about":[{"href":"https:\/\/fotokopi.com.tr\/index.php\/wp-json\/wp\/v2\/types\/product"}],"replies":[{"embeddable":true,"href":"https:\/\/fotokopi.com.tr\/index.php\/wp-json\/wp\/v2\/comments?post=3802"}],"wp:featuredmedia":[{"embeddable":true,"href":"https:\/\/fotokopi.com.tr\/index.php\/wp-json\/wp\/v2\/media\/3811"}],"wp:attachment":[{"href":"https:\/\/fotokopi.com.tr\/index.php\/wp-json\/wp\/v2\/media?parent=3802"}],"curies":[{"name":"wp","href":"https:\/\/api.w.org\/{rel}","templated":true}]}}