{"id":3800,"date":"2020-10-23T08:28:58","date_gmt":"2020-10-23T08:28:58","guid":{"rendered":"https:\/\/fotokopi.com.tr\/?post_type=product&#038;p=3800"},"modified":"2025-12-28T05:25:35","modified_gmt":"2025-12-28T05:25:35","slug":"samsung-xpress-sl-m2825nd","status":"publish","type":"product","link":"https:\/\/fotokopi.com.tr\/index.php\/urun\/samsung-xpress-sl-m2825nd\/","title":{"rendered":"Samsung Xpress SL-M2825ND"},"content":{"rendered":"<p>\u00d6n Bellek<\/p>\n<p>128 MB<\/p>\n<p>&nbsp;<\/p>\n<p>Ekran \u00d6zellikleri<\/p>\n<p>Yok<\/p>\n<p>&nbsp;<\/p>\n<p>Wi-Fi<\/p>\n<p>Yok<\/p>\n<p>&nbsp;<\/p>\n<p>Ethernet<\/p>\n<p>10\/100<\/p>\n<p>&nbsp;<\/p>\n<p>Siyah Bask\u0131 H\u0131z\u0131<\/p>\n<p>28 Sayfa \/ Dakika<\/p>\n<p>&nbsp;<\/p>\n<p>Renkli Bask\u0131 H\u0131z\u0131<\/p>\n<p>Yok<\/p>\n<p>&nbsp;<\/p>\n<p>\u0130lk Bask\u0131 S\u00fcresi<\/p>\n<p>8,5 Sn<\/p>\n<p>&nbsp;<\/p>\n<p>Dubleks Bask\u0131<\/p>\n<p>Otomatik<\/p>\n<p>&nbsp;<\/p>\n<p>A3 Bask\u0131<\/p>\n<p>Yok<\/p>\n<p>&nbsp;<\/p>\n<p>Bask\u0131 Kalitesi (Renkli)<\/p>\n<p>Yok<\/p>\n<p>&nbsp;<\/p>\n<p>Bask\u0131 Kalitesi (Siyah)<\/p>\n<p>4800 x 600 Dpi<\/p>\n<p>&nbsp;<\/p>\n<p>Faks \u00d6zelli\u011fi<\/p>\n<p>Yok<\/p>\n<p>&nbsp;<\/p>\n<p>Renkli Tarama \u00d6zelli\u011fi<\/p>\n<p>Yok<\/p>\n<p>&nbsp;<\/p>\n<p>Taray\u0131c\u0131 Bit Derinli\u011fi<\/p>\n<p>Yok<\/p>\n<p>&nbsp;<\/p>\n<p>Taray\u0131c\u0131 \u00c7\u00f6z\u00fcn\u00fcrl\u00fc\u011f\u00fc<\/p>\n<p>Yok<\/p>\n<p>&nbsp;<\/p>\n<p>Ka\u011f\u0131t T\u00fcrleri<\/p>\n<p>A4 \/ A5 \/ A6 \/ Mektup \/ Legal \/ Executive \/ Folio \/ Oficio \/ ISO B5 \/ JIS B5<\/p>\n<p>&nbsp;<\/p>\n<p>A\u011f\u0131rl\u0131k<\/p>\n<p>7,4 kg<\/p>\n<p>&nbsp;<\/p>\n<p>Toner Say\u0131s\u0131<\/p>\n<p>1 Adet<\/p>\n<p>&nbsp;<\/p>\n<p>Kartu\u015f\/Toner Kapasitesi<\/p>\n<p>1200 Sayfa<\/p>\n<p>&nbsp;<\/p>\n<p>Boyutlar YxGxD (mm)<\/p>\n<p>368 x 334,5 x 202 mm ( G X D X Y )<\/p>\n<p>&nbsp;<\/p>\n","protected":false},"excerpt":{"rendered":"<p>\u00d6n Bellek 128 MB &nbsp; Ekran \u00d6zellikleri Yok &nbsp; Wi-Fi Yok &nbsp; Ethernet 10\/100 &nbsp; Siyah Bask\u0131 H\u0131z\u0131 28 Sayfa \/ Dakika &nbsp; Renkli Bask\u0131 H\u0131z\u0131 Yok &nbsp; \u0130lk Bask\u0131 S\u00fcresi 8,5 Sn &nbsp; Dubleks Bask\u0131 Otomatik &nbsp; A3 Bask\u0131 Yok &nbsp; Bask\u0131 Kalitesi (Renkli) Yok &nbsp; Bask\u0131 Kalitesi (Siyah) 4800 x 600 Dpi &nbsp; Faks \u00d6zelli\u011fi Yok &nbsp; Renkli Tarama \u00d6zelli\u011fi Yok &nbsp; Taray\u0131c\u0131 Bit Derinli\u011fi Yok &nbsp; Taray\u0131c\u0131 \u00c7\u00f6z\u00fcn\u00fcrl\u00fc\u011f\u00fc Yok &nbsp; Ka\u011f\u0131t T\u00fcrleri A4 \/ A5 \/ A6 [&hellip;]<\/p>\n","protected":false},"featured_media":3807,"comment_status":"open","ping_status":"closed","template":"","meta":{"_bbp_topic_count":0,"_bbp_reply_count":0,"_bbp_total_topic_count":0,"_bbp_total_reply_count":0,"_bbp_voice_count":0,"_bbp_anonymous_reply_count":0,"_bbp_topic_count_hidden":0,"_bbp_reply_count_hidden":0,"_bbp_forum_subforum_count":0},"yoast_head":"<!-- This site is optimized with the Yoast SEO plugin v15.1.1 - https:\/\/yoast.com\/wordpress\/plugins\/seo\/ -->\n<title>Samsung Xpress SL-M2825ND - Fotokopix<\/title>\n<meta name=\"robots\" content=\"index, follow, max-snippet:-1, max-image-preview:large, max-video-preview:-1\" \/>\n<link rel=\"canonical\" href=\"https:\/\/fotokopi.com.tr\/index.php\/urun\/samsung-xpress-sl-m2825nd\/\" \/>\n<meta property=\"og:locale\" content=\"tr_TR\" \/>\n<meta property=\"og:type\" content=\"article\" \/>\n<meta property=\"og:title\" content=\"Samsung Xpress SL-M2825ND - Fotokopix\" \/>\n<meta property=\"og:description\" content=\"\u00d6n Bellek 128 MB &nbsp; Ekran \u00d6zellikleri Yok &nbsp; Wi-Fi Yok &nbsp; Ethernet 10\/100 &nbsp; Siyah Bask\u0131 H\u0131z\u0131 28 Sayfa \/ Dakika &nbsp; Renkli Bask\u0131 H\u0131z\u0131 Yok &nbsp; \u0130lk Bask\u0131 S\u00fcresi 8,5 Sn &nbsp; Dubleks Bask\u0131 Otomatik &nbsp; A3 Bask\u0131 Yok &nbsp; Bask\u0131 Kalitesi (Renkli) Yok &nbsp; Bask\u0131 Kalitesi (Siyah) 4800 x 600 Dpi &nbsp; Faks \u00d6zelli\u011fi Yok &nbsp; Renkli Tarama \u00d6zelli\u011fi Yok &nbsp; Taray\u0131c\u0131 Bit Derinli\u011fi Yok &nbsp; Taray\u0131c\u0131 \u00c7\u00f6z\u00fcn\u00fcrl\u00fc\u011f\u00fc Yok &nbsp; Ka\u011f\u0131t T\u00fcrleri A4 \/ A5 \/ A6 [&hellip;]\" \/>\n<meta property=\"og:url\" content=\"https:\/\/fotokopi.com.tr\/index.php\/urun\/samsung-xpress-sl-m2825nd\/\" \/>\n<meta property=\"og:site_name\" content=\"Fotokopix\" \/>\n<meta property=\"article:modified_time\" content=\"2025-12-28T05:25:35+00:00\" \/>\n<meta property=\"og:image\" content=\"https:\/\/fotokopi.com.tr\/wp-content\/uploads\/2020\/10\/2825-yazici.png\" \/>\n\t<meta property=\"og:image:width\" content=\"375\" \/>\n\t<meta property=\"og:image:height\" content=\"375\" \/>\n<meta name=\"twitter:card\" content=\"summary_large_image\" \/>\n<script type=\"application\/ld+json\" class=\"yoast-schema-graph\">{\"@context\":\"https:\/\/schema.org\",\"@graph\":[{\"@type\":\"WebSite\",\"@id\":\"https:\/\/fotokopi.com.tr\/#website\",\"url\":\"https:\/\/fotokopi.com.tr\/\",\"name\":\"Fotokopix\",\"description\":\"T\\u00fcrkiye&#039;nin Fotokopicisi\",\"potentialAction\":[{\"@type\":\"SearchAction\",\"target\":\"https:\/\/fotokopi.com.tr\/?s={search_term_string}\",\"query-input\":\"required name=search_term_string\"}],\"inLanguage\":\"tr\"},{\"@type\":\"ImageObject\",\"@id\":\"https:\/\/fotokopi.com.tr\/index.php\/urun\/samsung-xpress-sl-m2825nd\/#primaryimage\",\"inLanguage\":\"tr\",\"url\":\"https:\/\/fotokopi.com.tr\/wp-content\/uploads\/2020\/10\/2825-yazici.png\",\"width\":375,\"height\":375},{\"@type\":\"WebPage\",\"@id\":\"https:\/\/fotokopi.com.tr\/index.php\/urun\/samsung-xpress-sl-m2825nd\/#webpage\",\"url\":\"https:\/\/fotokopi.com.tr\/index.php\/urun\/samsung-xpress-sl-m2825nd\/\",\"name\":\"Samsung Xpress SL-M2825ND - Fotokopix\",\"isPartOf\":{\"@id\":\"https:\/\/fotokopi.com.tr\/#website\"},\"primaryImageOfPage\":{\"@id\":\"https:\/\/fotokopi.com.tr\/index.php\/urun\/samsung-xpress-sl-m2825nd\/#primaryimage\"},\"datePublished\":\"2020-10-23T08:28:58+00:00\",\"dateModified\":\"2025-12-28T05:25:35+00:00\",\"inLanguage\":\"tr\",\"potentialAction\":[{\"@type\":\"ReadAction\",\"target\":[\"https:\/\/fotokopi.com.tr\/index.php\/urun\/samsung-xpress-sl-m2825nd\/\"]}]}]}<\/script>\n<!-- \/ Yoast SEO plugin. -->","_links":{"self":[{"href":"https:\/\/fotokopi.com.tr\/index.php\/wp-json\/wp\/v2\/product\/3800"}],"collection":[{"href":"https:\/\/fotokopi.com.tr\/index.php\/wp-json\/wp\/v2\/product"}],"about":[{"href":"https:\/\/fotokopi.com.tr\/index.php\/wp-json\/wp\/v2\/types\/product"}],"replies":[{"embeddable":true,"href":"https:\/\/fotokopi.com.tr\/index.php\/wp-json\/wp\/v2\/comments?post=3800"}],"wp:featuredmedia":[{"embeddable":true,"href":"https:\/\/fotokopi.com.tr\/index.php\/wp-json\/wp\/v2\/media\/3807"}],"wp:attachment":[{"href":"https:\/\/fotokopi.com.tr\/index.php\/wp-json\/wp\/v2\/media?parent=3800"}],"curies":[{"name":"wp","href":"https:\/\/api.w.org\/{rel}","templated":true}]}}