{"id":3793,"date":"2020-10-23T08:10:26","date_gmt":"2020-10-23T08:10:26","guid":{"rendered":"https:\/\/fotokopi.com.tr\/?post_type=product&#038;p=3793"},"modified":"2025-10-16T18:46:05","modified_gmt":"2025-10-16T18:46:05","slug":"samsung-m2070fw","status":"publish","type":"product","link":"https:\/\/fotokopi.com.tr\/index.php\/urun\/samsung-m2070fw\/","title":{"rendered":"Samsung M2070FW"},"content":{"rendered":"<div class=\"hpcl_row hpcl_section hpcl_keyspecifications inpage_cap_key-specs\">\n<header class=\"hpcl_row hpcl_titles\">\u00d6nemli \u00f6zellikler<\/header>\n<div class=\"hpcl_row\">\n<div class=\"\">\n<p class=\"\">LaserJet<\/p>\n<p class=\"\">Siyah<\/p>\n<\/div>\n<div class=\"\">\n<p class=\"\">Kablosuz<\/p>\n<p class=\"\">Evet<\/p>\n<\/div>\n<div class=\"\">\n<p class=\"\">Bask\u0131 H\u0131z\u0131<\/p>\n<p class=\"\">Dakikada 20 sayfaya kadar Siyah<\/p>\n<\/div>\n<div class=\"\">\n<p class=\"\">Mobil bask\u0131<\/p>\n<p class=\"\">Evet<\/p>\n<\/div>\n<\/div>\n<\/div>\n<div class=\"hpcl_row hpcl_section hpcl_keyfeatures inpage_selector_overview\">\n<header class=\"hpcl_titles\">\u00dcr\u00fcne Genel Bak\u0131\u015f<\/header>\n<p>Samsung Mono \u00c7ok \u0130\u015flevli Xpress M2070W yaz\u0131c\u0131lar i\u015fletim kolayl\u0131\u011f\u0131yla y\u00fcksek performans\u0131 uygun bir fiyatla bir araya getirir. G\u00fcn\u00fcm\u00fcz\u00fcn maliyet duyarl\u0131 k\u00fc\u00e7\u00fck ofis\/ev ofisi ve her yerden, her zaman i\u015f ortam\u0131 i\u00e7in idealdir.<\/p>\n<div class=\"hpcl_row\">\n<div class=\"hpcl_full-s hpcl_six-l\">\n<div class=\"hpcl_summary hpcl_inpage_block_inner\">\n<header class=\"hpcl_titles\">NFC teknolojisiyle sorunsuz bask\u0131n\u0131n keyfini \u00e7\u0131kar\u0131n<\/header>\n<p>Dokunun, yazd\u0131r\u0131n ve gidin:Samsung NFC Print\u2122<sup><a id=\"disclaimer_h1_invoker\" class=\"disclaimer_h1_invoker\" href=\"https:\/\/media.flixcar.com\/delivery\/webcall\/content\/2694\/tr\/ean\/0191628403387?resp=0#disclaimer_h1\">h1<\/a><\/sup><\/p>\n<\/div>\n<\/div>\n<div class=\"hpcl_full-s hpcl_six-l\">\n<div class=\"hpcl_summary hpcl_inpage_block_inner\">\n<header class=\"hpcl_titles\">Kolayca kurun, yazd\u0131r\u0131n ve para tasarruf edin<\/header>\n<p>Basit tutun ve kablosuz kurun<\/p>\n<\/div>\n<\/div>\n<\/div>\n<div class=\"hpcl_row\">\n<div class=\"hpcl_full-s hpcl_six-l\">\n<div class=\"hpcl_summary hpcl_inpage_block_inner\">\n<header class=\"hpcl_titles\">H\u0131zl\u0131, y\u00fcksek kaliteli belgelerin keyfini \u00e7\u0131kar\u0131n<\/header>\n<p>H\u0131zl\u0131, y\u00fcksek performansl\u0131 bask\u0131lar elde edin<\/p>\n<\/div>\n<\/div>\n<\/div>\n<\/div>\n<div class=\"hpcl_row hpcl_section hpcl_keyfeatures inpage_selector_feature\">\n<header class=\"hpcl_titles\">\u00d6nemli \u00d6zellikler<\/header>\n<div class=\"hpcl_row\">\n<div class=\"hpcl_full-s hpcl_six-l\">\n<div class=\"hpcl_summary hpcl_inpage_block_inner\">\n<header class=\"hpcl_titles\">Dokunun, yazd\u0131r\u0131n ve gidin:Samsung NFC Print\u2122<\/header>\n<p>Samsung&#8217;un geli\u015fmi\u015f NFC teknolojisine sahip olan siyah beyaz lazer yaz\u0131c\u0131s\u0131n\u0131 kullanarak ba\u011flan\u0131n ve yazd\u0131r\u0131n.Sadece dokunun ve ard\u0131ndan mobil ayg\u0131t\u0131n\u0131zdan yazd\u0131r\u0131n veya taray\u0131n\u00a0.<\/p>\n<\/div>\n<\/div>\n<div class=\"hpcl_full-s hpcl_six-l\">\n<div class=\"hpcl_summary hpcl_inpage_block_inner\">\n<header class=\"hpcl_titles\">Samsung Galaxy\u00ae\u00a0ile yazd\u0131rmaya haz\u0131r olun<\/header>\n<p>Samsung GALAXY\u00ae mobil ayg\u0131tlar\u0131n\u0131zdan\u00a0, bir mobil bask\u0131 uygulamas\u0131\u00a0gerek kalmadan do\u011frudan yazd\u0131r\u0131n.<\/p>\n<\/div>\n<\/div>\n<\/div>\n<div class=\"hpcl_row\">\n<div class=\"hpcl_full-s hpcl_six-l\">\n<div class=\"hpcl_summary hpcl_inpage_block_inner\">\n<header class=\"hpcl_titles\">Daha fazla se\u00e7enekle geli\u015fmi\u015f mobil bask\u0131 elde edin:Samsung Mobile Print Uygulamas\u0131<\/header>\n<p>N-\u00fcst yazd\u0131rma, resim boyutunu ayarlama ve mobil tarama deste\u011fi i\u00e7eren g\u00fc\u00e7l\u00fc \u00f6zellikler ile yazd\u0131r\u0131n.<\/p>\n<\/div>\n<\/div>\n<div class=\"hpcl_full-s hpcl_six-l\">\n<div class=\"hpcl_summary hpcl_inpage_block_inner\">\n<header class=\"hpcl_titles\">Ba\u011flant\u0131n\u0131z\u0131 se\u00e7in:Wi-Fi veya Wi-Fi Direct<\/header>\n<p>Bir kablosuz a\u011f kullan\u0131labilir olmad\u0131\u011f\u0131nda dahi Wi-Fi Direct ile yaz\u0131c\u0131ya ba\u011flan\u0131n.<\/p>\n<\/div>\n<\/div>\n<\/div>\n<div class=\"hpcl_row\">\n<div class=\"hpcl_full-s hpcl_six-l\">\n<div class=\"hpcl_summary hpcl_inpage_block_inner\">\n<header class=\"hpcl_titles\">Basit tutun ve kablosuz kurun<\/header>\n<p>Bir USB&#8217;ye ihtiya\u00e7 duymadan h\u0131zl\u0131, kolay, \u00fc\u00e7 ad\u0131ml\u0131 kablosuz yaz\u0131c\u0131 kurulumunun keyfini \u00e7\u0131kar\u0131n.<\/p>\n<\/div>\n<\/div>\n<div class=\"hpcl_full-s hpcl_six-l\">\n<div class=\"hpcl_summary hpcl_inpage_block_inner\">\n<header class=\"hpcl_titles\">Tek bir dokunu\u015fla bask\u0131 maliyetlerini azalt\u0131n<\/header>\n<p>Toner, ka\u011f\u0131t ve enerjiden tasarruf etmek i\u00e7in ekonomik \u00f6zellikleri one-touch Eco d\u00fc\u011fmesiyle etkinle\u015ftin.<\/p>\n<\/div>\n<\/div>\n<\/div>\n<div class=\"hpcl_row\">\n<div class=\"hpcl_full-s hpcl_six-l\">\n<div class=\"hpcl_summary hpcl_inpage_block_inner\">\n<header class=\"hpcl_titles\">Bir profesyonel gibi y\u00f6netin ve olu\u015fturun<\/header>\n<p>Easy Printer Manager ile yaz\u0131c\u0131 ayarlar\u0131n\u0131 ve durumunu kolay ve verimli bir \u015fekilde y\u00f6netin.Dijital belgeler olu\u015fturun ve e-posta veya Facebook ve Twitter dahil sosyal a\u011flar arac\u0131l\u0131\u011f\u0131yla di\u011ferleriyle payla\u015f\u0131n.<\/p>\n<\/div>\n<\/div>\n<div class=\"hpcl_full-s hpcl_six-l\">\n<div class=\"hpcl_summary hpcl_inpage_block_inner\">\n<header class=\"hpcl_titles\">H\u0131zl\u0131, y\u00fcksek performansl\u0131 bask\u0131lar elde edin<\/header>\n<p>Y\u00fcksek h\u0131zl\u0131 yazd\u0131rma ve g\u00f6r\u00fcnt\u00fc i\u015fleme i\u00e7in Samsung&#8217;un geli\u015fmi\u015f 600 MHz Cortex\u2122-A5 \u00e7ekirdekli i\u015flemcisi ve 128 MB belle\u011fi ile b\u00fcy\u00fck, karma\u015f\u0131k yazd\u0131rma ve tarama i\u015fleriyle ba\u015fa \u00e7\u0131k\u0131n.<\/p>\n<\/div>\n<\/div>\n<\/div>\n<div class=\"hpcl_row\">\n<div class=\"hpcl_full-s hpcl_six-l\">\n<div class=\"hpcl_summary hpcl_inpage_block_inner\">\n<header class=\"hpcl_titles\">G\u00f6r\u00fcnt\u00fc m\u00fckemmelli\u011fi i\u00e7in Samsung&#8217;a g\u00fcvenin<\/header>\n<p>Samsung Rendering Engine for Clean Page (ReCP) teknolojisiyle neredeyse her seferinde daha keskin metinler, daha net g\u00f6r\u00fcnt\u00fcler ve p\u00fcr\u00fczs\u00fcz g\u00f6r\u00fcnen bask\u0131lar elde edin.<\/p>\n<\/div>\n<\/div>\n<\/div>\n<\/div>\n","protected":false},"excerpt":{"rendered":"<p>\u00d6nemli \u00f6zellikler LaserJet Siyah Kablosuz Evet Bask\u0131 H\u0131z\u0131 Dakikada 20 sayfaya kadar Siyah Mobil bask\u0131 Evet \u00dcr\u00fcne Genel Bak\u0131\u015f Samsung Mono \u00c7ok \u0130\u015flevli Xpress M2070W yaz\u0131c\u0131lar i\u015fletim kolayl\u0131\u011f\u0131yla y\u00fcksek performans\u0131 uygun bir fiyatla bir araya getirir. G\u00fcn\u00fcm\u00fcz\u00fcn maliyet duyarl\u0131 k\u00fc\u00e7\u00fck ofis\/ev ofisi ve her yerden, her zaman i\u015f ortam\u0131 i\u00e7in idealdir. NFC teknolojisiyle sorunsuz bask\u0131n\u0131n keyfini \u00e7\u0131kar\u0131n Dokunun, yazd\u0131r\u0131n ve gidin:Samsung NFC Print\u2122h1 Kolayca kurun, yazd\u0131r\u0131n ve para tasarruf edin Basit tutun ve kablosuz kurun H\u0131zl\u0131, y\u00fcksek kaliteli belgelerin keyfini [&hellip;]<\/p>\n","protected":false},"featured_media":3806,"comment_status":"open","ping_status":"closed","template":"","meta":{"_bbp_topic_count":0,"_bbp_reply_count":0,"_bbp_total_topic_count":0,"_bbp_total_reply_count":0,"_bbp_voice_count":0,"_bbp_anonymous_reply_count":0,"_bbp_topic_count_hidden":0,"_bbp_reply_count_hidden":0,"_bbp_forum_subforum_count":0},"yoast_head":"<!-- This site is optimized with the Yoast SEO plugin v15.1.1 - https:\/\/yoast.com\/wordpress\/plugins\/seo\/ -->\n<title>Samsung M2070FW - Fotokopix<\/title>\n<meta name=\"robots\" content=\"index, follow, max-snippet:-1, max-image-preview:large, max-video-preview:-1\" \/>\n<link rel=\"canonical\" href=\"https:\/\/fotokopi.com.tr\/index.php\/urun\/samsung-m2070fw\/\" \/>\n<meta property=\"og:locale\" content=\"tr_TR\" \/>\n<meta property=\"og:type\" content=\"article\" \/>\n<meta property=\"og:title\" content=\"Samsung M2070FW - Fotokopix\" \/>\n<meta property=\"og:description\" content=\"\u00d6nemli \u00f6zellikler LaserJet Siyah Kablosuz Evet Bask\u0131 H\u0131z\u0131 Dakikada 20 sayfaya kadar Siyah Mobil bask\u0131 Evet \u00dcr\u00fcne Genel Bak\u0131\u015f Samsung Mono \u00c7ok \u0130\u015flevli Xpress M2070W yaz\u0131c\u0131lar i\u015fletim kolayl\u0131\u011f\u0131yla y\u00fcksek performans\u0131 uygun bir fiyatla bir araya getirir. G\u00fcn\u00fcm\u00fcz\u00fcn maliyet duyarl\u0131 k\u00fc\u00e7\u00fck ofis\/ev ofisi ve her yerden, her zaman i\u015f ortam\u0131 i\u00e7in idealdir. NFC teknolojisiyle sorunsuz bask\u0131n\u0131n keyfini \u00e7\u0131kar\u0131n Dokunun, yazd\u0131r\u0131n ve gidin:Samsung NFC Print\u2122h1 Kolayca kurun, yazd\u0131r\u0131n ve para tasarruf edin Basit tutun ve kablosuz kurun H\u0131zl\u0131, y\u00fcksek kaliteli belgelerin keyfini [&hellip;]\" \/>\n<meta property=\"og:url\" content=\"https:\/\/fotokopi.com.tr\/index.php\/urun\/samsung-m2070fw\/\" \/>\n<meta property=\"og:site_name\" content=\"Fotokopix\" \/>\n<meta property=\"article:modified_time\" content=\"2025-10-16T18:46:05+00:00\" \/>\n<meta property=\"og:image\" content=\"https:\/\/fotokopi.com.tr\/wp-content\/uploads\/2020\/10\/2070-yazici.png\" \/>\n\t<meta property=\"og:image:width\" content=\"375\" \/>\n\t<meta property=\"og:image:height\" content=\"375\" \/>\n<meta name=\"twitter:card\" content=\"summary_large_image\" \/>\n<script type=\"application\/ld+json\" class=\"yoast-schema-graph\">{\"@context\":\"https:\/\/schema.org\",\"@graph\":[{\"@type\":\"WebSite\",\"@id\":\"https:\/\/fotokopi.com.tr\/#website\",\"url\":\"https:\/\/fotokopi.com.tr\/\",\"name\":\"Fotokopix\",\"description\":\"T\\u00fcrkiye&#039;nin Fotokopicisi\",\"potentialAction\":[{\"@type\":\"SearchAction\",\"target\":\"https:\/\/fotokopi.com.tr\/?s={search_term_string}\",\"query-input\":\"required name=search_term_string\"}],\"inLanguage\":\"tr\"},{\"@type\":\"ImageObject\",\"@id\":\"https:\/\/fotokopi.com.tr\/index.php\/urun\/samsung-m2070fw\/#primaryimage\",\"inLanguage\":\"tr\",\"url\":\"https:\/\/fotokopi.com.tr\/wp-content\/uploads\/2020\/10\/2070-yazici.png\",\"width\":375,\"height\":375},{\"@type\":\"WebPage\",\"@id\":\"https:\/\/fotokopi.com.tr\/index.php\/urun\/samsung-m2070fw\/#webpage\",\"url\":\"https:\/\/fotokopi.com.tr\/index.php\/urun\/samsung-m2070fw\/\",\"name\":\"Samsung M2070FW - Fotokopix\",\"isPartOf\":{\"@id\":\"https:\/\/fotokopi.com.tr\/#website\"},\"primaryImageOfPage\":{\"@id\":\"https:\/\/fotokopi.com.tr\/index.php\/urun\/samsung-m2070fw\/#primaryimage\"},\"datePublished\":\"2020-10-23T08:10:26+00:00\",\"dateModified\":\"2025-10-16T18:46:05+00:00\",\"inLanguage\":\"tr\",\"potentialAction\":[{\"@type\":\"ReadAction\",\"target\":[\"https:\/\/fotokopi.com.tr\/index.php\/urun\/samsung-m2070fw\/\"]}]}]}<\/script>\n<!-- \/ Yoast SEO plugin. -->","_links":{"self":[{"href":"https:\/\/fotokopi.com.tr\/index.php\/wp-json\/wp\/v2\/product\/3793"}],"collection":[{"href":"https:\/\/fotokopi.com.tr\/index.php\/wp-json\/wp\/v2\/product"}],"about":[{"href":"https:\/\/fotokopi.com.tr\/index.php\/wp-json\/wp\/v2\/types\/product"}],"replies":[{"embeddable":true,"href":"https:\/\/fotokopi.com.tr\/index.php\/wp-json\/wp\/v2\/comments?post=3793"}],"wp:featuredmedia":[{"embeddable":true,"href":"https:\/\/fotokopi.com.tr\/index.php\/wp-json\/wp\/v2\/media\/3806"}],"wp:attachment":[{"href":"https:\/\/fotokopi.com.tr\/index.php\/wp-json\/wp\/v2\/media?parent=3793"}],"curies":[{"name":"wp","href":"https:\/\/api.w.org\/{rel}","templated":true}]}}