{"id":3789,"date":"2020-10-23T08:00:23","date_gmt":"2020-10-23T08:00:23","guid":{"rendered":"https:\/\/fotokopi.com.tr\/?post_type=product&#038;p=3789"},"modified":"2025-12-17T21:41:44","modified_gmt":"2025-12-17T21:41:44","slug":"samsung-4833-fd","status":"publish","type":"product","link":"https:\/\/fotokopi.com.tr\/index.php\/urun\/samsung-4833-fd\/","title":{"rendered":"Samsung 4833 FD"},"content":{"rendered":"<table>\n<tbody>\n<tr>\n<td class=\"no-border\">\n<table>\n<tbody>\n<tr>\n<td>\n<div class=\"tealium\">\n<div id=\"ccs-inline-content\" class=\"cnet-integration\"><\/div>\n<\/div>\n<\/td>\n<\/tr>\n<\/tbody>\n<\/table>\n<table>\n<tbody>\n<tr>\n<td>\n<div id=\"productTechSpecContainer\">\n<table class=\"data-list tech-spec\">\n<caption>\u00a0<\/caption>\n<tbody>\n<tr>\n<th>A3<\/th>\n<td>Yok<\/td>\n<\/tr>\n<tr>\n<th>A\u011f\u0131rl\u0131k (kg)<\/th>\n<td>14,4<\/td>\n<\/tr>\n<tr>\n<th>Bask\u0131 T\u00fcr\u00fc<\/th>\n<td>Siyah &#8211; Beyaz<\/td>\n<\/tr>\n<tr>\n<th>Bit De\u011feri<\/th>\n<td>24 Bit<\/td>\n<\/tr>\n<tr>\n<th>Dakikadaki Siyah\/Beyaz Bask\u0131 H\u0131z\u0131(Max)<\/th>\n<td>31 Sayfa<\/td>\n<\/tr>\n<tr>\n<th>Dublex Bask\u0131<\/th>\n<td>Var<\/td>\n<\/tr>\n<tr>\n<th>Ethernet Ba\u011flant\u0131s\u0131<\/th>\n<td>Yok<\/td>\n<\/tr>\n<tr>\n<th>Faks \u00d6zelli\u011fi<\/th>\n<td>Var<\/td>\n<\/tr>\n<tr>\n<th>Foto\u011fraf Bask\u0131s\u0131<\/th>\n<td>Yok<\/td>\n<\/tr>\n<tr>\n<th>Fotokopi \u00d6zelli\u011fi<\/th>\n<td>Var<\/td>\n<\/tr>\n<tr>\n<th>Renkli Tarama<\/th>\n<td>Var<\/td>\n<\/tr>\n<tr>\n<th>Tarama \u00c7\u00f6z\u00fcn\u00fcrl\u00fc\u011f\u00fc<\/th>\n<td>1200 DPI<\/td>\n<\/tr>\n<tr>\n<th>Taray\u0131c\u0131 \u00d6zelli\u011fi<\/th>\n<td>Var<\/td>\n<\/tr>\n<tr>\n<th>USB<\/th>\n<td>Var<\/td>\n<\/tr>\n<tr>\n<th>Wi-Fi<\/th>\n<td>Yok<\/td>\n<\/tr>\n<tr>\n<th>Yaz\u0131c\u0131 Tipi<\/th>\n<td>\u00c7ok Fonksiyonlu<\/td>\n<\/tr>\n<\/tbody>\n<\/table>\n<\/div>\n<\/td>\n<\/tr>\n<\/tbody>\n<\/table>\n<\/td>\n<\/tr>\n<\/tbody>\n<\/table>\n","protected":false},"excerpt":{"rendered":"<p>\u00a0 A3 Yok A\u011f\u0131rl\u0131k (kg) 14,4 Bask\u0131 T\u00fcr\u00fc Siyah &#8211; Beyaz Bit De\u011feri 24 Bit Dakikadaki Siyah\/Beyaz Bask\u0131 H\u0131z\u0131(Max) 31 Sayfa Dublex Bask\u0131 Var Ethernet Ba\u011flant\u0131s\u0131 Yok Faks \u00d6zelli\u011fi Var Foto\u011fraf Bask\u0131s\u0131 Yok Fotokopi \u00d6zelli\u011fi Var Renkli Tarama Var Tarama \u00c7\u00f6z\u00fcn\u00fcrl\u00fc\u011f\u00fc 1200 DPI Taray\u0131c\u0131 \u00d6zelli\u011fi Var USB Var Wi-Fi Yok Yaz\u0131c\u0131 Tipi \u00c7ok Fonksiyonlu<\/p>\n","protected":false},"featured_media":3801,"comment_status":"open","ping_status":"closed","template":"","meta":{"_bbp_topic_count":0,"_bbp_reply_count":0,"_bbp_total_topic_count":0,"_bbp_total_reply_count":0,"_bbp_voice_count":0,"_bbp_anonymous_reply_count":0,"_bbp_topic_count_hidden":0,"_bbp_reply_count_hidden":0,"_bbp_forum_subforum_count":0},"yoast_head":"<!-- This site is optimized with the Yoast SEO plugin v15.1.1 - https:\/\/yoast.com\/wordpress\/plugins\/seo\/ -->\n<title>Samsung 4833 FD - Fotokopix<\/title>\n<meta name=\"robots\" content=\"index, follow, max-snippet:-1, max-image-preview:large, max-video-preview:-1\" \/>\n<link rel=\"canonical\" href=\"https:\/\/fotokopi.com.tr\/index.php\/urun\/samsung-4833-fd\/\" \/>\n<meta property=\"og:locale\" content=\"tr_TR\" \/>\n<meta property=\"og:type\" content=\"article\" \/>\n<meta property=\"og:title\" content=\"Samsung 4833 FD - Fotokopix\" \/>\n<meta property=\"og:description\" content=\"\u00a0 A3 Yok A\u011f\u0131rl\u0131k (kg) 14,4 Bask\u0131 T\u00fcr\u00fc Siyah &#8211; Beyaz Bit De\u011feri 24 Bit Dakikadaki Siyah\/Beyaz Bask\u0131 H\u0131z\u0131(Max) 31 Sayfa Dublex Bask\u0131 Var Ethernet Ba\u011flant\u0131s\u0131 Yok Faks \u00d6zelli\u011fi Var Foto\u011fraf Bask\u0131s\u0131 Yok Fotokopi \u00d6zelli\u011fi Var Renkli Tarama Var Tarama \u00c7\u00f6z\u00fcn\u00fcrl\u00fc\u011f\u00fc 1200 DPI Taray\u0131c\u0131 \u00d6zelli\u011fi Var USB Var Wi-Fi Yok Yaz\u0131c\u0131 Tipi \u00c7ok Fonksiyonlu\" \/>\n<meta property=\"og:url\" content=\"https:\/\/fotokopi.com.tr\/index.php\/urun\/samsung-4833-fd\/\" \/>\n<meta property=\"og:site_name\" content=\"Fotokopix\" \/>\n<meta property=\"article:modified_time\" content=\"2025-12-17T21:41:44+00:00\" \/>\n<meta property=\"og:image\" content=\"https:\/\/fotokopi.com.tr\/wp-content\/uploads\/2020\/10\/4833-yazici.png\" \/>\n\t<meta property=\"og:image:width\" content=\"375\" \/>\n\t<meta property=\"og:image:height\" content=\"375\" \/>\n<meta name=\"twitter:card\" content=\"summary_large_image\" \/>\n<script type=\"application\/ld+json\" class=\"yoast-schema-graph\">{\"@context\":\"https:\/\/schema.org\",\"@graph\":[{\"@type\":\"WebSite\",\"@id\":\"https:\/\/fotokopi.com.tr\/#website\",\"url\":\"https:\/\/fotokopi.com.tr\/\",\"name\":\"Fotokopix\",\"description\":\"T\\u00fcrkiye&#039;nin Fotokopicisi\",\"potentialAction\":[{\"@type\":\"SearchAction\",\"target\":\"https:\/\/fotokopi.com.tr\/?s={search_term_string}\",\"query-input\":\"required name=search_term_string\"}],\"inLanguage\":\"tr\"},{\"@type\":\"ImageObject\",\"@id\":\"https:\/\/fotokopi.com.tr\/index.php\/urun\/samsung-4833-fd\/#primaryimage\",\"inLanguage\":\"tr\",\"url\":\"https:\/\/fotokopi.com.tr\/wp-content\/uploads\/2020\/10\/4833-yazici.png\",\"width\":375,\"height\":375},{\"@type\":\"WebPage\",\"@id\":\"https:\/\/fotokopi.com.tr\/index.php\/urun\/samsung-4833-fd\/#webpage\",\"url\":\"https:\/\/fotokopi.com.tr\/index.php\/urun\/samsung-4833-fd\/\",\"name\":\"Samsung 4833 FD - Fotokopix\",\"isPartOf\":{\"@id\":\"https:\/\/fotokopi.com.tr\/#website\"},\"primaryImageOfPage\":{\"@id\":\"https:\/\/fotokopi.com.tr\/index.php\/urun\/samsung-4833-fd\/#primaryimage\"},\"datePublished\":\"2020-10-23T08:00:23+00:00\",\"dateModified\":\"2025-12-17T21:41:44+00:00\",\"inLanguage\":\"tr\",\"potentialAction\":[{\"@type\":\"ReadAction\",\"target\":[\"https:\/\/fotokopi.com.tr\/index.php\/urun\/samsung-4833-fd\/\"]}]}]}<\/script>\n<!-- \/ Yoast SEO plugin. -->","_links":{"self":[{"href":"https:\/\/fotokopi.com.tr\/index.php\/wp-json\/wp\/v2\/product\/3789"}],"collection":[{"href":"https:\/\/fotokopi.com.tr\/index.php\/wp-json\/wp\/v2\/product"}],"about":[{"href":"https:\/\/fotokopi.com.tr\/index.php\/wp-json\/wp\/v2\/types\/product"}],"replies":[{"embeddable":true,"href":"https:\/\/fotokopi.com.tr\/index.php\/wp-json\/wp\/v2\/comments?post=3789"}],"wp:featuredmedia":[{"embeddable":true,"href":"https:\/\/fotokopi.com.tr\/index.php\/wp-json\/wp\/v2\/media\/3801"}],"wp:attachment":[{"href":"https:\/\/fotokopi.com.tr\/index.php\/wp-json\/wp\/v2\/media?parent=3789"}],"curies":[{"name":"wp","href":"https:\/\/api.w.org\/{rel}","templated":true}]}}