{"id":3787,"date":"2020-10-23T07:55:58","date_gmt":"2020-10-23T07:55:58","guid":{"rendered":"https:\/\/fotokopi.com.tr\/?post_type=product&#038;p=3787"},"modified":"2025-12-05T10:39:15","modified_gmt":"2025-12-05T10:39:15","slug":"samsung-4623-f-fn","status":"publish","type":"product","link":"https:\/\/fotokopi.com.tr\/index.php\/urun\/samsung-4623-f-fn\/","title":{"rendered":"Samsung 4623 F-FN"},"content":{"rendered":"<table>\n<tbody>\n<tr>\n<td class=\"no-border\">\n<div id=\"productDescriptionContent\">\n<table border=\"0\" width=\"709\">\n<tbody>\n<tr>\n<td width=\"709\" height=\"633\">\n<table id=\"table1\" border=\"0\" width=\"713\" cellspacing=\"0\" cellpadding=\"0\">\n<tbody>\n<tr>\n<td colspan=\"2\" width=\"713\" height=\"31\">SCX &#8211; 4623FN<\/td>\n<\/tr>\n<tr>\n<td colspan=\"2\" height=\"20\">BASKI<\/td>\n<\/tr>\n<tr>\n<td height=\"24\">\u0130lk Bask\u0131 H\u0131z\u0131<\/td>\n<td>10 saniyeden az<\/td>\n<\/tr>\n<tr>\n<td height=\"24\">Bask\u0131 Dili<\/td>\n<td>SPL (Samsung Printer Language)<\/td>\n<\/tr>\n<tr>\n<td height=\"24\">Dubleks<\/td>\n<td>Manuel<\/td>\n<\/tr>\n<tr>\n<td colspan=\"2\" height=\"20\">FOTOKOP\u0130<\/td>\n<\/tr>\n<tr>\n<td height=\"24\">H\u0131z<\/td>\n<td>22 cpm A4<\/td>\n<\/tr>\n<tr>\n<td height=\"24\">\u00c7\u00f6z\u00fcn\u00fcrl\u00fck<\/td>\n<td>1200 X 1200 dpi kadar etkin \u00e7\u00f6z\u00fcn\u00fcrl\u00fck<\/td>\n<\/tr>\n<tr>\n<td height=\"20\">\u0130lk Kopya \u00c7\u0131k\u0131\u015f H\u0131z\u0131<\/td>\n<td>15 saniyeden az<\/td>\n<\/tr>\n<tr>\n<td height=\"20\">Zoom<\/td>\n<td>\u00a025~400%<\/td>\n<\/tr>\n<tr>\n<td height=\"24\">\u00c7oklu Kopya<\/td>\n<td>1 ~ 99 sayfa<\/td>\n<\/tr>\n<tr>\n<td height=\"24\">\u00d6zel Kopyalama Se\u00e7enekleri<\/td>\n<td>Kimlik, Klon, N-UP ve Poster Kopyalama, Harmanlama, Otomatik s\u0131\u011fd\u0131rma<\/td>\n<\/tr>\n<tr>\n<td height=\"24\">\u00c7ift Y\u00f6nl\u00fc Kopya<\/td>\n<td>N\/A<\/td>\n<\/tr>\n<tr>\n<td colspan=\"2\" height=\"20\">TARAMA<\/td>\n<\/tr>\n<tr>\n<td width=\"212\" height=\"20\">Uyumluluk<\/td>\n<td width=\"501\">Twain Standart, WIA Standart<\/td>\n<\/tr>\n<tr>\n<td align=\"left\" valign=\"top\" width=\"212\" height=\"24\">\n<table id=\"table3\" cellspacing=\"0\" cellpadding=\"0\">\n<tbody>\n<tr>\n<td width=\"212\" height=\"24\">\u00a0Tarama y\u00f6ntemi<\/td>\n<\/tr>\n<\/tbody>\n<\/table>\n<\/td>\n<td width=\"501\">Renkli CIS<\/td>\n<\/tr>\n<tr>\n<td align=\"left\" valign=\"top\" width=\"212\" height=\"24\">\n<table id=\"table4\" cellspacing=\"0\" cellpadding=\"0\">\n<tbody>\n<tr>\n<td width=\"212\" height=\"24\">\u00a0\u00c7\u00f6z\u00fcn\u00fcl\u00fcrl\u00fck<\/td>\n<\/tr>\n<\/tbody>\n<\/table>\n<\/td>\n<td width=\"501\">Optik 600 X 600 dpi, Geli\u015fmi\u015f 4800 X 4800<\/td>\n<\/tr>\n<tr>\n<td colspan=\"2\" align=\"left\" valign=\"top\" width=\"713\" height=\"20\">\n<table id=\"table5\" cellspacing=\"0\" cellpadding=\"0\">\n<tbody>\n<tr>\n<td colspan=\"2\" width=\"713\" height=\"20\">FAX<\/td>\n<\/tr>\n<\/tbody>\n<\/table>\n<\/td>\n<\/tr>\n<tr>\n<td height=\"20\">Uyumluluk<\/td>\n<td>\u00a0IITU-T G3, ECM<\/td>\n<\/tr>\n<tr>\n<td height=\"20\">Modem H\u0131z\u0131<\/td>\n<td>\u00a033.6 Kbps<\/td>\n<\/tr>\n<tr>\n<td height=\"24\">\u00c7\u00f6z\u00fcn\u00fcrl\u00fck<\/td>\n<td>300 x 300 dpi (S\/B), 200 x 200 dpi (Renkli)<\/td>\n<\/tr>\n<tr>\n<td height=\"20\">Faks Belle\u011fi<\/td>\n<td>\u00a04 MB (225 syf)<\/td>\n<\/tr>\n<tr>\n<td height=\"20\">Otomatik Arama<\/td>\n<td>200 yere h\u0131zl\u0131 arama<\/td>\n<\/tr>\n<tr>\n<td height=\"20\">\u00d6zellikler<\/td>\n<td>\u00c7oklu g\u00f6nderim, Faks to PC, PC faks<\/td>\n<\/tr>\n<tr>\n<td colspan=\"2\" height=\"20\">KA\u011eIT Y\u00d6NET\u0130M\u0130<\/td>\n<\/tr>\n<tr>\n<td width=\"212\" height=\"20\">Ka\u011f\u0131t Giri\u015f Kapasitesi<\/td>\n<td>250 sayfa \u00e7ekmece\u00a0 + 1 sayfa manuel<\/td>\n<\/tr>\n<tr>\n<td align=\"left\" valign=\"top\" width=\"212\" height=\"20\">\n<table id=\"table6\" cellspacing=\"0\" cellpadding=\"0\">\n<tbody>\n<tr>\n<td width=\"212\" height=\"20\">Ka\u011f\u0131t \u00c7\u0131k\u0131\u015f Kapasitesi<\/td>\n<\/tr>\n<\/tbody>\n<\/table>\n<\/td>\n<td>80 sayfa<\/td>\n<\/tr>\n<tr>\n<td align=\"left\" valign=\"top\" width=\"212\" height=\"60\">\n<table id=\"table7\" cellspacing=\"0\" cellpadding=\"0\">\n<tbody>\n<tr>\n<td width=\"212\" height=\"60\">Medya \u00d6l\u00e7\u00fcs\u00fc<\/td>\n<\/tr>\n<\/tbody>\n<\/table>\n<\/td>\n<td width=\"501\">\u00c7ekmece : Legal, A4, Letter, Eficio, Folio, Executive, B5, A5, A6\u00a0\u00a0\u00a0\u00a0\u00a0\u00a0\u00a0\u00a0\u00a0\u00a0\u00a0\u00a0\u00a0\u00a0\u00a0\u00a0\u00a0\u00a0\u00a0\u00a0\u00a0\u00a0\u00a0\u00a0\u00a0\u00a0\u00a0\u00a0\u00a0\u00a0\u00a0\u00a0\u00a0\u00a0\u00a0\u00a0\u00a0 Manuel\u00a0\u00a0\u00a0 : Legal, A4, Letter, Eficio, Folio, Executive, B5, A5, A6, Zarf#10, DL, C5, C6 76 x 127 mm &#8211; 216 X 356 mm<\/td>\n<\/tr>\n<tr>\n<td width=\"212\" height=\"20\">ADF Besleme<\/td>\n<td>40 sayfa<\/td>\n<\/tr>\n<tr>\n<td colspan=\"2\" align=\"left\" valign=\"top\" width=\"713\" height=\"20\">\n<table id=\"table8\" cellspacing=\"0\" cellpadding=\"0\">\n<tbody>\n<tr>\n<td colspan=\"2\" width=\"713\" height=\"20\">GENEL<\/td>\n<\/tr>\n<\/tbody>\n<\/table>\n<\/td>\n<\/tr>\n<tr>\n<td align=\"left\" valign=\"top\" width=\"212\" height=\"20\">\n<table id=\"table10\" cellspacing=\"0\" cellpadding=\"0\">\n<tbody>\n<tr>\n<td width=\"212\" height=\"20\">\u00a0LCD<\/td>\n<\/tr>\n<\/tbody>\n<\/table>\n<\/td>\n<td width=\"501\">2 sat\u0131r X 16 karakter<\/td>\n<\/tr>\n<tr>\n<td align=\"left\" valign=\"top\" width=\"212\" height=\"60\">\n<table id=\"table13\" cellspacing=\"0\" cellpadding=\"0\">\n<tbody>\n<tr>\n<td width=\"212\" height=\"60\">\u00a0OS Uyumlulu\u011fu<\/td>\n<\/tr>\n<\/tbody>\n<\/table>\n<\/td>\n<td width=\"501\">Windows Me\/NT4.0\/2000\/XP\/Vista, . Various Linux OS (via USB interface only) including Red Hat 8.0~9.0, Fedora Core 1~3, Mandrake 9.0~10.2, and SuSE 8.2~9.2 . Mac. 10.3<\/td>\n<\/tr>\n<tr>\n<td width=\"212\" height=\"20\">G\u00fcr\u00fclt\u00fc Seviyesi<\/td>\n<td>&lt;49dBA (Bask\u0131), &lt; 53 dBA (Kopyalama), &lt; 35 dBA (Bekleme)<\/td>\n<\/tr>\n<tr>\n<td colspan=\"2\" align=\"left\" valign=\"top\" width=\"713\" height=\"20\">\n<table id=\"table14\" cellspacing=\"0\" cellpadding=\"0\">\n<tbody>\n<tr>\n<td colspan=\"2\" width=\"713\" height=\"20\">T\u00dcKET\u0130M<\/td>\n<\/tr>\n<\/tbody>\n<\/table>\n<\/td>\n<\/tr>\n<tr>\n<td align=\"left\" valign=\"top\" height=\"20\">\n<table id=\"table16\" cellspacing=\"0\" cellpadding=\"0\">\n<tbody>\n<tr>\n<td width=\"212\" height=\"20\">Toner Kapasitesi<\/td>\n<\/tr>\n<\/tbody>\n<\/table>\n<\/td>\n<td width=\"501\">D\u00fc\u015f\u00fck kapasite = 1.500 sayfa , Y\u00fcksek kapasite = 2500 sayfa<\/td>\n<\/tr>\n<tr>\n<td height=\"20\">Ayl\u0131k Bask\u0131 Hacmi<\/td>\n<td width=\"501\">10.000 sayfa<\/td>\n<\/tr>\n<tr>\n<td height=\"20\">Toner Model<\/td>\n<td width=\"501\">MLT-D105S, MLT-D105L<\/td>\n<\/tr>\n<\/tbody>\n<\/table>\n<\/td>\n<\/tr>\n<\/tbody>\n<\/table>\n<\/div>\n<\/td>\n<\/tr>\n<\/tbody>\n<\/table>\n","protected":false},"excerpt":{"rendered":"<p>SCX &#8211; 4623FN BASKI \u0130lk Bask\u0131 H\u0131z\u0131 10 saniyeden az Bask\u0131 Dili SPL (Samsung Printer Language) Dubleks Manuel FOTOKOP\u0130 H\u0131z 22 cpm A4 \u00c7\u00f6z\u00fcn\u00fcrl\u00fck 1200 X 1200 dpi kadar etkin \u00e7\u00f6z\u00fcn\u00fcrl\u00fck \u0130lk Kopya \u00c7\u0131k\u0131\u015f H\u0131z\u0131 15 saniyeden az Zoom \u00a025~400% \u00c7oklu Kopya 1 ~ 99 sayfa \u00d6zel Kopyalama Se\u00e7enekleri Kimlik, Klon, N-UP ve Poster Kopyalama, Harmanlama, Otomatik s\u0131\u011fd\u0131rma \u00c7ift Y\u00f6nl\u00fc Kopya N\/A TARAMA Uyumluluk Twain Standart, WIA Standart \u00a0Tarama y\u00f6ntemi Renkli CIS \u00a0\u00c7\u00f6z\u00fcn\u00fcl\u00fcrl\u00fck Optik 600 X 600 dpi, Geli\u015fmi\u015f 4800 [&hellip;]<\/p>\n","protected":false},"featured_media":3796,"comment_status":"open","ping_status":"closed","template":"","meta":{"_bbp_topic_count":0,"_bbp_reply_count":0,"_bbp_total_topic_count":0,"_bbp_total_reply_count":0,"_bbp_voice_count":0,"_bbp_anonymous_reply_count":0,"_bbp_topic_count_hidden":0,"_bbp_reply_count_hidden":0,"_bbp_forum_subforum_count":0},"yoast_head":"<!-- This site is optimized with the Yoast SEO plugin v15.1.1 - https:\/\/yoast.com\/wordpress\/plugins\/seo\/ -->\n<title>Samsung 4623 F-FN - Fotokopix<\/title>\n<meta name=\"robots\" content=\"index, follow, max-snippet:-1, max-image-preview:large, max-video-preview:-1\" \/>\n<link rel=\"canonical\" href=\"https:\/\/fotokopi.com.tr\/index.php\/urun\/samsung-4623-f-fn\/\" \/>\n<meta property=\"og:locale\" content=\"tr_TR\" \/>\n<meta property=\"og:type\" content=\"article\" \/>\n<meta property=\"og:title\" content=\"Samsung 4623 F-FN - Fotokopix\" \/>\n<meta property=\"og:description\" content=\"SCX &#8211; 4623FN BASKI \u0130lk Bask\u0131 H\u0131z\u0131 10 saniyeden az Bask\u0131 Dili SPL (Samsung Printer Language) Dubleks Manuel FOTOKOP\u0130 H\u0131z 22 cpm A4 \u00c7\u00f6z\u00fcn\u00fcrl\u00fck 1200 X 1200 dpi kadar etkin \u00e7\u00f6z\u00fcn\u00fcrl\u00fck \u0130lk Kopya \u00c7\u0131k\u0131\u015f H\u0131z\u0131 15 saniyeden az Zoom \u00a025~400% \u00c7oklu Kopya 1 ~ 99 sayfa \u00d6zel Kopyalama Se\u00e7enekleri Kimlik, Klon, N-UP ve Poster Kopyalama, Harmanlama, Otomatik s\u0131\u011fd\u0131rma \u00c7ift Y\u00f6nl\u00fc Kopya N\/A TARAMA Uyumluluk Twain Standart, WIA Standart \u00a0Tarama y\u00f6ntemi Renkli CIS \u00a0\u00c7\u00f6z\u00fcn\u00fcl\u00fcrl\u00fck Optik 600 X 600 dpi, Geli\u015fmi\u015f 4800 [&hellip;]\" \/>\n<meta property=\"og:url\" content=\"https:\/\/fotokopi.com.tr\/index.php\/urun\/samsung-4623-f-fn\/\" \/>\n<meta property=\"og:site_name\" content=\"Fotokopix\" \/>\n<meta property=\"article:modified_time\" content=\"2025-12-05T10:39:15+00:00\" \/>\n<meta property=\"og:image\" content=\"https:\/\/fotokopi.com.tr\/wp-content\/uploads\/2020\/10\/4623-YAZICI.png\" \/>\n\t<meta property=\"og:image:width\" content=\"375\" \/>\n\t<meta property=\"og:image:height\" content=\"375\" \/>\n<meta name=\"twitter:card\" content=\"summary_large_image\" \/>\n<script type=\"application\/ld+json\" class=\"yoast-schema-graph\">{\"@context\":\"https:\/\/schema.org\",\"@graph\":[{\"@type\":\"WebSite\",\"@id\":\"https:\/\/fotokopi.com.tr\/#website\",\"url\":\"https:\/\/fotokopi.com.tr\/\",\"name\":\"Fotokopix\",\"description\":\"T\\u00fcrkiye&#039;nin Fotokopicisi\",\"potentialAction\":[{\"@type\":\"SearchAction\",\"target\":\"https:\/\/fotokopi.com.tr\/?s={search_term_string}\",\"query-input\":\"required name=search_term_string\"}],\"inLanguage\":\"tr\"},{\"@type\":\"ImageObject\",\"@id\":\"https:\/\/fotokopi.com.tr\/index.php\/urun\/samsung-4623-f-fn\/#primaryimage\",\"inLanguage\":\"tr\",\"url\":\"https:\/\/fotokopi.com.tr\/wp-content\/uploads\/2020\/10\/4623-YAZICI.png\",\"width\":375,\"height\":375},{\"@type\":\"WebPage\",\"@id\":\"https:\/\/fotokopi.com.tr\/index.php\/urun\/samsung-4623-f-fn\/#webpage\",\"url\":\"https:\/\/fotokopi.com.tr\/index.php\/urun\/samsung-4623-f-fn\/\",\"name\":\"Samsung 4623 F-FN - Fotokopix\",\"isPartOf\":{\"@id\":\"https:\/\/fotokopi.com.tr\/#website\"},\"primaryImageOfPage\":{\"@id\":\"https:\/\/fotokopi.com.tr\/index.php\/urun\/samsung-4623-f-fn\/#primaryimage\"},\"datePublished\":\"2020-10-23T07:55:58+00:00\",\"dateModified\":\"2025-12-05T10:39:15+00:00\",\"inLanguage\":\"tr\",\"potentialAction\":[{\"@type\":\"ReadAction\",\"target\":[\"https:\/\/fotokopi.com.tr\/index.php\/urun\/samsung-4623-f-fn\/\"]}]}]}<\/script>\n<!-- \/ Yoast SEO plugin. -->","_links":{"self":[{"href":"https:\/\/fotokopi.com.tr\/index.php\/wp-json\/wp\/v2\/product\/3787"}],"collection":[{"href":"https:\/\/fotokopi.com.tr\/index.php\/wp-json\/wp\/v2\/product"}],"about":[{"href":"https:\/\/fotokopi.com.tr\/index.php\/wp-json\/wp\/v2\/types\/product"}],"replies":[{"embeddable":true,"href":"https:\/\/fotokopi.com.tr\/index.php\/wp-json\/wp\/v2\/comments?post=3787"}],"wp:featuredmedia":[{"embeddable":true,"href":"https:\/\/fotokopi.com.tr\/index.php\/wp-json\/wp\/v2\/media\/3796"}],"wp:attachment":[{"href":"https:\/\/fotokopi.com.tr\/index.php\/wp-json\/wp\/v2\/media?parent=3787"}],"curies":[{"name":"wp","href":"https:\/\/api.w.org\/{rel}","templated":true}]}}