{"id":3766,"date":"2020-10-23T07:49:48","date_gmt":"2020-10-23T07:49:48","guid":{"rendered":"https:\/\/fotokopi.com.tr\/?post_type=product&#038;p=3766"},"modified":"2025-12-05T10:38:47","modified_gmt":"2025-12-05T10:38:47","slug":"samsung-4521-f-fn","status":"publish","type":"product","link":"https:\/\/fotokopi.com.tr\/index.php\/urun\/samsung-4521-f-fn\/","title":{"rendered":"Samsung 4521 F-FN"},"content":{"rendered":"<table class=\"product-table\">\n<tbody>\n<tr data-count=\"0\">\n<td>\u0130lk Bask\u0131 S\u00fcresi<\/td>\n<td>8,5 saniyeden daha az<\/p>\n<p>&nbsp;<\/td>\n<\/tr>\n<tr data-count=\"0\">\n<td>Dubleks Bask\u0131<\/td>\n<td>Yok<\/p>\n<p>&nbsp;<\/td>\n<\/tr>\n<tr data-count=\"0\">\n<td>Faks \u00d6zelli\u011fi<\/td>\n<td>Var<\/p>\n<p>&nbsp;<\/td>\n<\/tr>\n<tr data-count=\"0\">\n<td>Taray\u0131c\u0131 Bit Derinli\u011fi<\/td>\n<td>24 Bit<\/p>\n<p>&nbsp;<\/td>\n<\/tr>\n<tr data-count=\"0\">\n<td>Taray\u0131c\u0131 \u00c7\u00f6z\u00fcn\u00fcrl\u00fc\u011f\u00fc<\/td>\n<td>1200 x 1200 dpi<\/p>\n<p>&nbsp;<\/td>\n<\/tr>\n<tr data-count=\"0\">\n<td>Toner Say\u0131s\u0131<\/td>\n<td>1 Adet<\/p>\n<p>&nbsp;<\/td>\n<\/tr>\n<\/tbody>\n<\/table>\n","protected":false},"excerpt":{"rendered":"<p>\u0130lk Bask\u0131 S\u00fcresi 8,5 saniyeden daha az &nbsp; Dubleks Bask\u0131 Yok &nbsp; Faks \u00d6zelli\u011fi Var &nbsp; Taray\u0131c\u0131 Bit Derinli\u011fi 24 Bit &nbsp; Taray\u0131c\u0131 \u00c7\u00f6z\u00fcn\u00fcrl\u00fc\u011f\u00fc 1200 x 1200 dpi &nbsp; Toner Say\u0131s\u0131 1 Adet &nbsp;<\/p>\n","protected":false},"featured_media":3794,"comment_status":"open","ping_status":"closed","template":"","meta":{"_bbp_topic_count":0,"_bbp_reply_count":0,"_bbp_total_topic_count":0,"_bbp_total_reply_count":0,"_bbp_voice_count":0,"_bbp_anonymous_reply_count":0,"_bbp_topic_count_hidden":0,"_bbp_reply_count_hidden":0,"_bbp_forum_subforum_count":0},"yoast_head":"<!-- This site is optimized with the Yoast SEO plugin v15.1.1 - https:\/\/yoast.com\/wordpress\/plugins\/seo\/ -->\n<title>Samsung 4521 F-FN - Fotokopix<\/title>\n<meta name=\"robots\" content=\"index, follow, max-snippet:-1, max-image-preview:large, max-video-preview:-1\" \/>\n<link rel=\"canonical\" href=\"https:\/\/fotokopi.com.tr\/index.php\/urun\/samsung-4521-f-fn\/\" \/>\n<meta property=\"og:locale\" content=\"tr_TR\" \/>\n<meta property=\"og:type\" content=\"article\" \/>\n<meta property=\"og:title\" content=\"Samsung 4521 F-FN - Fotokopix\" \/>\n<meta property=\"og:description\" content=\"\u0130lk Bask\u0131 S\u00fcresi 8,5 saniyeden daha az &nbsp; Dubleks Bask\u0131 Yok &nbsp; Faks \u00d6zelli\u011fi Var &nbsp; Taray\u0131c\u0131 Bit Derinli\u011fi 24 Bit &nbsp; Taray\u0131c\u0131 \u00c7\u00f6z\u00fcn\u00fcrl\u00fc\u011f\u00fc 1200 x 1200 dpi &nbsp; Toner Say\u0131s\u0131 1 Adet &nbsp;\" \/>\n<meta property=\"og:url\" content=\"https:\/\/fotokopi.com.tr\/index.php\/urun\/samsung-4521-f-fn\/\" \/>\n<meta property=\"og:site_name\" content=\"Fotokopix\" \/>\n<meta property=\"article:modified_time\" content=\"2025-12-05T10:38:47+00:00\" \/>\n<meta property=\"og:image\" content=\"https:\/\/fotokopi.com.tr\/wp-content\/uploads\/2020\/10\/4521-yazici.png\" \/>\n\t<meta property=\"og:image:width\" content=\"375\" \/>\n\t<meta property=\"og:image:height\" content=\"375\" \/>\n<meta name=\"twitter:card\" content=\"summary_large_image\" \/>\n<script type=\"application\/ld+json\" class=\"yoast-schema-graph\">{\"@context\":\"https:\/\/schema.org\",\"@graph\":[{\"@type\":\"WebSite\",\"@id\":\"https:\/\/fotokopi.com.tr\/#website\",\"url\":\"https:\/\/fotokopi.com.tr\/\",\"name\":\"Fotokopix\",\"description\":\"T\\u00fcrkiye&#039;nin Fotokopicisi\",\"potentialAction\":[{\"@type\":\"SearchAction\",\"target\":\"https:\/\/fotokopi.com.tr\/?s={search_term_string}\",\"query-input\":\"required name=search_term_string\"}],\"inLanguage\":\"tr\"},{\"@type\":\"ImageObject\",\"@id\":\"https:\/\/fotokopi.com.tr\/index.php\/urun\/samsung-4521-f-fn\/#primaryimage\",\"inLanguage\":\"tr\",\"url\":\"https:\/\/fotokopi.com.tr\/wp-content\/uploads\/2020\/10\/4521-yazici.png\",\"width\":375,\"height\":375},{\"@type\":\"WebPage\",\"@id\":\"https:\/\/fotokopi.com.tr\/index.php\/urun\/samsung-4521-f-fn\/#webpage\",\"url\":\"https:\/\/fotokopi.com.tr\/index.php\/urun\/samsung-4521-f-fn\/\",\"name\":\"Samsung 4521 F-FN - Fotokopix\",\"isPartOf\":{\"@id\":\"https:\/\/fotokopi.com.tr\/#website\"},\"primaryImageOfPage\":{\"@id\":\"https:\/\/fotokopi.com.tr\/index.php\/urun\/samsung-4521-f-fn\/#primaryimage\"},\"datePublished\":\"2020-10-23T07:49:48+00:00\",\"dateModified\":\"2025-12-05T10:38:47+00:00\",\"inLanguage\":\"tr\",\"potentialAction\":[{\"@type\":\"ReadAction\",\"target\":[\"https:\/\/fotokopi.com.tr\/index.php\/urun\/samsung-4521-f-fn\/\"]}]}]}<\/script>\n<!-- \/ Yoast SEO plugin. -->","_links":{"self":[{"href":"https:\/\/fotokopi.com.tr\/index.php\/wp-json\/wp\/v2\/product\/3766"}],"collection":[{"href":"https:\/\/fotokopi.com.tr\/index.php\/wp-json\/wp\/v2\/product"}],"about":[{"href":"https:\/\/fotokopi.com.tr\/index.php\/wp-json\/wp\/v2\/types\/product"}],"replies":[{"embeddable":true,"href":"https:\/\/fotokopi.com.tr\/index.php\/wp-json\/wp\/v2\/comments?post=3766"}],"wp:featuredmedia":[{"embeddable":true,"href":"https:\/\/fotokopi.com.tr\/index.php\/wp-json\/wp\/v2\/media\/3794"}],"wp:attachment":[{"href":"https:\/\/fotokopi.com.tr\/index.php\/wp-json\/wp\/v2\/media?parent=3766"}],"curies":[{"name":"wp","href":"https:\/\/api.w.org\/{rel}","templated":true}]}}