{"id":3764,"date":"2020-10-23T07:03:59","date_gmt":"2020-10-23T07:03:59","guid":{"rendered":"https:\/\/fotokopi.com.tr\/?post_type=product&#038;p=3764"},"modified":"2025-12-28T05:21:51","modified_gmt":"2025-12-28T05:21:51","slug":"cat6-internet-kablosu-30cm-1m-10m-20m","status":"publish","type":"product","link":"https:\/\/fotokopi.com.tr\/index.php\/urun\/cat6-internet-kablosu-30cm-1m-10m-20m\/","title":{"rendered":"CAT6 \u0130nternet Kablosu (30cm, 1m, 10m, 20m)"},"content":{"rendered":"<p style=\"text-align: center\" align=\"center\"><strong>Y\u00dcKSEK KAL\u0130TEL\u0130 CAT6\u00a0 ETHERNET LAN \u0130NTERNET KABLOSU<\/strong><\/p>\n<p style=\"text-align: center\" align=\"center\"><strong>&#8211;<\/strong>U\u00c7LARI FABR\u0130KASYON TAKILI<br \/>\n-JELAT\u0130N AMBALAJINDA<\/p>\n","protected":false},"excerpt":{"rendered":"<p>Y\u00dcKSEK KAL\u0130TEL\u0130 CAT6\u00a0 ETHERNET LAN \u0130NTERNET KABLOSU &#8211;U\u00c7LARI FABR\u0130KASYON TAKILI -JELAT\u0130N AMBALAJINDA<\/p>\n","protected":false},"featured_media":3765,"comment_status":"open","ping_status":"closed","template":"","meta":{"_bbp_topic_count":0,"_bbp_reply_count":0,"_bbp_total_topic_count":0,"_bbp_total_reply_count":0,"_bbp_voice_count":0,"_bbp_anonymous_reply_count":0,"_bbp_topic_count_hidden":0,"_bbp_reply_count_hidden":0,"_bbp_forum_subforum_count":0},"yoast_head":"<!-- This site is optimized with the Yoast SEO plugin v15.1.1 - https:\/\/yoast.com\/wordpress\/plugins\/seo\/ -->\n<title>CAT6 \u0130nternet Kablosu (30cm, 1m, 10m, 20m) - Fotokopix<\/title>\n<meta name=\"robots\" content=\"index, follow, max-snippet:-1, max-image-preview:large, max-video-preview:-1\" \/>\n<link rel=\"canonical\" href=\"https:\/\/fotokopi.com.tr\/index.php\/urun\/cat6-internet-kablosu-30cm-1m-10m-20m\/\" \/>\n<meta property=\"og:locale\" content=\"tr_TR\" \/>\n<meta property=\"og:type\" content=\"article\" \/>\n<meta property=\"og:title\" content=\"CAT6 \u0130nternet Kablosu (30cm, 1m, 10m, 20m) - Fotokopix\" \/>\n<meta property=\"og:description\" content=\"Y\u00dcKSEK KAL\u0130TEL\u0130 CAT6\u00a0 ETHERNET LAN \u0130NTERNET KABLOSU &#8211;U\u00c7LARI FABR\u0130KASYON TAKILI -JELAT\u0130N AMBALAJINDA\" \/>\n<meta property=\"og:url\" content=\"https:\/\/fotokopi.com.tr\/index.php\/urun\/cat6-internet-kablosu-30cm-1m-10m-20m\/\" \/>\n<meta property=\"og:site_name\" content=\"Fotokopix\" \/>\n<meta property=\"article:modified_time\" content=\"2025-12-28T05:21:51+00:00\" \/>\n<meta property=\"og:image\" content=\"https:\/\/fotokopi.com.tr\/wp-content\/uploads\/2020\/10\/ethernet-kablosu.png\" \/>\n\t<meta property=\"og:image:width\" content=\"375\" \/>\n\t<meta property=\"og:image:height\" content=\"375\" \/>\n<meta name=\"twitter:card\" content=\"summary_large_image\" \/>\n<script type=\"application\/ld+json\" class=\"yoast-schema-graph\">{\"@context\":\"https:\/\/schema.org\",\"@graph\":[{\"@type\":\"WebSite\",\"@id\":\"https:\/\/fotokopi.com.tr\/#website\",\"url\":\"https:\/\/fotokopi.com.tr\/\",\"name\":\"Fotokopix\",\"description\":\"T\\u00fcrkiye&#039;nin Fotokopicisi\",\"potentialAction\":[{\"@type\":\"SearchAction\",\"target\":\"https:\/\/fotokopi.com.tr\/?s={search_term_string}\",\"query-input\":\"required name=search_term_string\"}],\"inLanguage\":\"tr\"},{\"@type\":\"ImageObject\",\"@id\":\"https:\/\/fotokopi.com.tr\/index.php\/urun\/cat6-internet-kablosu-30cm-1m-10m-20m\/#primaryimage\",\"inLanguage\":\"tr\",\"url\":\"https:\/\/fotokopi.com.tr\/wp-content\/uploads\/2020\/10\/ethernet-kablosu.png\",\"width\":375,\"height\":375},{\"@type\":\"WebPage\",\"@id\":\"https:\/\/fotokopi.com.tr\/index.php\/urun\/cat6-internet-kablosu-30cm-1m-10m-20m\/#webpage\",\"url\":\"https:\/\/fotokopi.com.tr\/index.php\/urun\/cat6-internet-kablosu-30cm-1m-10m-20m\/\",\"name\":\"CAT6 \\u0130nternet Kablosu (30cm, 1m, 10m, 20m) - Fotokopix\",\"isPartOf\":{\"@id\":\"https:\/\/fotokopi.com.tr\/#website\"},\"primaryImageOfPage\":{\"@id\":\"https:\/\/fotokopi.com.tr\/index.php\/urun\/cat6-internet-kablosu-30cm-1m-10m-20m\/#primaryimage\"},\"datePublished\":\"2020-10-23T07:03:59+00:00\",\"dateModified\":\"2025-12-28T05:21:51+00:00\",\"inLanguage\":\"tr\",\"potentialAction\":[{\"@type\":\"ReadAction\",\"target\":[\"https:\/\/fotokopi.com.tr\/index.php\/urun\/cat6-internet-kablosu-30cm-1m-10m-20m\/\"]}]}]}<\/script>\n<!-- \/ Yoast SEO plugin. -->","_links":{"self":[{"href":"https:\/\/fotokopi.com.tr\/index.php\/wp-json\/wp\/v2\/product\/3764"}],"collection":[{"href":"https:\/\/fotokopi.com.tr\/index.php\/wp-json\/wp\/v2\/product"}],"about":[{"href":"https:\/\/fotokopi.com.tr\/index.php\/wp-json\/wp\/v2\/types\/product"}],"replies":[{"embeddable":true,"href":"https:\/\/fotokopi.com.tr\/index.php\/wp-json\/wp\/v2\/comments?post=3764"}],"wp:featuredmedia":[{"embeddable":true,"href":"https:\/\/fotokopi.com.tr\/index.php\/wp-json\/wp\/v2\/media\/3765"}],"wp:attachment":[{"href":"https:\/\/fotokopi.com.tr\/index.php\/wp-json\/wp\/v2\/media?parent=3764"}],"curies":[{"name":"wp","href":"https:\/\/api.w.org\/{rel}","templated":true}]}}