{"id":3700,"date":"2020-10-02T11:44:07","date_gmt":"2020-10-02T11:44:07","guid":{"rendered":"https:\/\/fotokopi.com.tr\/?post_type=product&#038;p=3700"},"modified":"2025-12-17T21:41:28","modified_gmt":"2025-12-17T21:41:28","slug":"fotokopix-xerox-30120-muadil-toner","status":"publish","type":"product","link":"https:\/\/fotokopi.com.tr\/index.php\/urun\/fotokopix-xerox-30120-muadil-toner\/","title":{"rendered":"Fotokopix Xerox 3020 Muadil Toner"},"content":{"rendered":"<h3 class=\"fusion-woocommerce-tab-title fusion-responsive-typography-calculated\" data-fontsize=\"20\" data-lineheight=\"23px\">A\u00e7\u0131klama<\/h3>\n<div class=\"hpcl_row hpcl_section hpcl_keyspecifications inpage_cap_key-specs\">\n<header class=\"hpcl_row hpcl_titles\">\u00d6nemli \u00d6zellikler<\/header>\n<div class=\"hpcl_row\">\n<div class=\"\">\n<p class=\"\">Kartu\u015f rengi: Siyah<\/p>\n<\/div>\n<div class=\"\">\n<p class=\"\">Par\u00e7a Numaras\u0131: 3020<\/p>\n<\/div>\n<\/div>\n<\/div>\n<div class=\"hpcl_row hpcl_fragment hpcl_no-close\">\n<div class=\"hpcl_row hpcl_section hpcl_expander hpcl_collapsed\">Uyumlu yaz\u0131c\u0131lar<\/div>\n<div class=\"hpcl_row hpcl_section hpcl_compatible\">\n<ul class=\"hpcl_full-s hpcl_six-m hpcl_feature-blocks hpcl_feature-blocks-hidden\">\n<li>Xerox Workcentre 3020\/3025<\/li>\n<\/ul>\n<\/div>\n<\/div>\n","protected":false},"excerpt":{"rendered":"<p>A\u00e7\u0131klama \u00d6nemli \u00d6zellikler Kartu\u015f rengi: Siyah Par\u00e7a Numaras\u0131: 3020 Uyumlu yaz\u0131c\u0131lar Xerox Workcentre 3020\/3025<\/p>\n","protected":false},"featured_media":3702,"comment_status":"open","ping_status":"closed","template":"","meta":{"_bbp_topic_count":0,"_bbp_reply_count":0,"_bbp_total_topic_count":0,"_bbp_total_reply_count":0,"_bbp_voice_count":0,"_bbp_anonymous_reply_count":0,"_bbp_topic_count_hidden":0,"_bbp_reply_count_hidden":0,"_bbp_forum_subforum_count":0},"yoast_head":"<!-- This site is optimized with the Yoast SEO plugin v15.1.1 - https:\/\/yoast.com\/wordpress\/plugins\/seo\/ -->\n<title>Fotokopix Xerox 3020 Muadil Toner - Fotokopix<\/title>\n<meta name=\"robots\" content=\"index, follow, max-snippet:-1, max-image-preview:large, max-video-preview:-1\" \/>\n<link rel=\"canonical\" href=\"https:\/\/fotokopi.com.tr\/index.php\/urun\/fotokopix-xerox-30120-muadil-toner\/\" \/>\n<meta property=\"og:locale\" content=\"tr_TR\" \/>\n<meta property=\"og:type\" content=\"article\" \/>\n<meta property=\"og:title\" content=\"Fotokopix Xerox 3020 Muadil Toner - Fotokopix\" \/>\n<meta property=\"og:description\" content=\"A\u00e7\u0131klama \u00d6nemli \u00d6zellikler Kartu\u015f rengi: Siyah Par\u00e7a Numaras\u0131: 3020 Uyumlu yaz\u0131c\u0131lar Xerox Workcentre 3020\/3025\" \/>\n<meta property=\"og:url\" content=\"https:\/\/fotokopi.com.tr\/index.php\/urun\/fotokopix-xerox-30120-muadil-toner\/\" \/>\n<meta property=\"og:site_name\" content=\"Fotokopix\" \/>\n<meta property=\"article:modified_time\" content=\"2025-12-17T21:41:28+00:00\" \/>\n<meta property=\"og:image\" content=\"https:\/\/fotokopi.com.tr\/wp-content\/uploads\/2020\/10\/3020toner.png\" \/>\n\t<meta property=\"og:image:width\" content=\"375\" \/>\n\t<meta property=\"og:image:height\" content=\"375\" \/>\n<meta name=\"twitter:card\" content=\"summary_large_image\" \/>\n<script type=\"application\/ld+json\" class=\"yoast-schema-graph\">{\"@context\":\"https:\/\/schema.org\",\"@graph\":[{\"@type\":\"WebSite\",\"@id\":\"https:\/\/fotokopi.com.tr\/#website\",\"url\":\"https:\/\/fotokopi.com.tr\/\",\"name\":\"Fotokopix\",\"description\":\"T\\u00fcrkiye&#039;nin Fotokopicisi\",\"potentialAction\":[{\"@type\":\"SearchAction\",\"target\":\"https:\/\/fotokopi.com.tr\/?s={search_term_string}\",\"query-input\":\"required name=search_term_string\"}],\"inLanguage\":\"tr\"},{\"@type\":\"ImageObject\",\"@id\":\"https:\/\/fotokopi.com.tr\/index.php\/urun\/fotokopix-xerox-30120-muadil-toner\/#primaryimage\",\"inLanguage\":\"tr\",\"url\":\"https:\/\/fotokopi.com.tr\/wp-content\/uploads\/2020\/10\/3020toner.png\",\"width\":375,\"height\":375},{\"@type\":\"WebPage\",\"@id\":\"https:\/\/fotokopi.com.tr\/index.php\/urun\/fotokopix-xerox-30120-muadil-toner\/#webpage\",\"url\":\"https:\/\/fotokopi.com.tr\/index.php\/urun\/fotokopix-xerox-30120-muadil-toner\/\",\"name\":\"Fotokopix Xerox 3020 Muadil Toner - Fotokopix\",\"isPartOf\":{\"@id\":\"https:\/\/fotokopi.com.tr\/#website\"},\"primaryImageOfPage\":{\"@id\":\"https:\/\/fotokopi.com.tr\/index.php\/urun\/fotokopix-xerox-30120-muadil-toner\/#primaryimage\"},\"datePublished\":\"2020-10-02T11:44:07+00:00\",\"dateModified\":\"2025-12-17T21:41:28+00:00\",\"inLanguage\":\"tr\",\"potentialAction\":[{\"@type\":\"ReadAction\",\"target\":[\"https:\/\/fotokopi.com.tr\/index.php\/urun\/fotokopix-xerox-30120-muadil-toner\/\"]}]}]}<\/script>\n<!-- \/ Yoast SEO plugin. -->","_links":{"self":[{"href":"https:\/\/fotokopi.com.tr\/index.php\/wp-json\/wp\/v2\/product\/3700"}],"collection":[{"href":"https:\/\/fotokopi.com.tr\/index.php\/wp-json\/wp\/v2\/product"}],"about":[{"href":"https:\/\/fotokopi.com.tr\/index.php\/wp-json\/wp\/v2\/types\/product"}],"replies":[{"embeddable":true,"href":"https:\/\/fotokopi.com.tr\/index.php\/wp-json\/wp\/v2\/comments?post=3700"}],"wp:featuredmedia":[{"embeddable":true,"href":"https:\/\/fotokopi.com.tr\/index.php\/wp-json\/wp\/v2\/media\/3702"}],"wp:attachment":[{"href":"https:\/\/fotokopi.com.tr\/index.php\/wp-json\/wp\/v2\/media?parent=3700"}],"curies":[{"name":"wp","href":"https:\/\/api.w.org\/{rel}","templated":true}]}}