{"id":3696,"date":"2020-10-02T11:37:40","date_gmt":"2020-10-02T11:37:40","guid":{"rendered":"https:\/\/fotokopi.com.tr\/?post_type=product&#038;p=3696"},"modified":"2025-12-28T05:22:35","modified_gmt":"2025-12-28T05:22:35","slug":"fotokopix-hp-05a-muadil-toner","status":"publish","type":"product","link":"https:\/\/fotokopi.com.tr\/index.php\/urun\/fotokopix-hp-05a-muadil-toner\/","title":{"rendered":"Fotokopix HP 05A Muadil Toner (CE505A\u00a0 &#8211; CRG-719)"},"content":{"rendered":"<div class=\"hpcl_row hpcl_section hpcl_keyspecifications inpage_cap_key-specs\">\n<header class=\"hpcl_row hpcl_titles\">\u00d6nemli \u00d6zellikler<\/header>\n<div class=\"hpcl_row\">\n<div class=\"\">\n<p class=\"\">Kartu\u015f rengi: Siyah<\/p>\n<\/div>\n<div class=\"\">\n<p class=\"\">Par\u00e7a Numaras\u0131: CE505A\u00a0 &#8211; CRG-719<\/p>\n<\/div>\n<\/div>\n<\/div>\n<div class=\"hpcl_row hpcl_fragment hpcl_no-close\">\n<div class=\"hpcl_row hpcl_section hpcl_expander hpcl_collapsed\">Uyumlu yaz\u0131c\u0131lar<\/div>\n<div class=\"hpcl_row hpcl_section hpcl_compatible\">\n<ul class=\"hpcl_full-s hpcl_six-m hpcl_feature-blocks hpcl_feature-blocks-hidden\">\n<li>\n<div>HP\u00a005A (CE505A) 2035\/2055<\/div>\n<\/li>\n<li>\n<div>CANON 719 (CRG-719) 5840\/5880\/6300\/6650<\/div>\n<\/li>\n<\/ul>\n<\/div>\n<\/div>\n","protected":false},"excerpt":{"rendered":"<p>\u00d6nemli \u00d6zellikler Kartu\u015f rengi: Siyah Par\u00e7a Numaras\u0131: CE505A\u00a0 &#8211; CRG-719 Uyumlu yaz\u0131c\u0131lar HP\u00a005A (CE505A) 2035\/2055 CANON 719 (CRG-719) 5840\/5880\/6300\/6650<\/p>\n","protected":false},"featured_media":3697,"comment_status":"open","ping_status":"closed","template":"","meta":{"_bbp_topic_count":0,"_bbp_reply_count":0,"_bbp_total_topic_count":0,"_bbp_total_reply_count":0,"_bbp_voice_count":0,"_bbp_anonymous_reply_count":0,"_bbp_topic_count_hidden":0,"_bbp_reply_count_hidden":0,"_bbp_forum_subforum_count":0},"yoast_head":"<!-- This site is optimized with the Yoast SEO plugin v15.1.1 - https:\/\/yoast.com\/wordpress\/plugins\/seo\/ -->\n<title>Fotokopix HP 05A Muadil Toner (CE505A\u00a0 - CRG-719) - Fotokopix<\/title>\n<meta name=\"robots\" content=\"index, follow, max-snippet:-1, max-image-preview:large, max-video-preview:-1\" \/>\n<link rel=\"canonical\" href=\"https:\/\/fotokopi.com.tr\/index.php\/urun\/fotokopix-hp-05a-muadil-toner\/\" \/>\n<meta property=\"og:locale\" content=\"tr_TR\" \/>\n<meta property=\"og:type\" content=\"article\" \/>\n<meta property=\"og:title\" content=\"Fotokopix HP 05A Muadil Toner (CE505A\u00a0 - CRG-719) - Fotokopix\" \/>\n<meta property=\"og:description\" content=\"\u00d6nemli \u00d6zellikler Kartu\u015f rengi: Siyah Par\u00e7a Numaras\u0131: CE505A\u00a0 &#8211; CRG-719 Uyumlu yaz\u0131c\u0131lar HP\u00a005A (CE505A) 2035\/2055 CANON 719 (CRG-719) 5840\/5880\/6300\/6650\" \/>\n<meta property=\"og:url\" content=\"https:\/\/fotokopi.com.tr\/index.php\/urun\/fotokopix-hp-05a-muadil-toner\/\" \/>\n<meta property=\"og:site_name\" content=\"Fotokopix\" \/>\n<meta property=\"article:modified_time\" content=\"2025-12-28T05:22:35+00:00\" \/>\n<meta property=\"og:image\" content=\"https:\/\/fotokopi.com.tr\/wp-content\/uploads\/2020\/10\/05atoner.png\" \/>\n\t<meta property=\"og:image:width\" content=\"375\" \/>\n\t<meta property=\"og:image:height\" content=\"375\" \/>\n<meta name=\"twitter:card\" content=\"summary_large_image\" \/>\n<script type=\"application\/ld+json\" class=\"yoast-schema-graph\">{\"@context\":\"https:\/\/schema.org\",\"@graph\":[{\"@type\":\"WebSite\",\"@id\":\"https:\/\/fotokopi.com.tr\/#website\",\"url\":\"https:\/\/fotokopi.com.tr\/\",\"name\":\"Fotokopix\",\"description\":\"T\\u00fcrkiye&#039;nin Fotokopicisi\",\"potentialAction\":[{\"@type\":\"SearchAction\",\"target\":\"https:\/\/fotokopi.com.tr\/?s={search_term_string}\",\"query-input\":\"required name=search_term_string\"}],\"inLanguage\":\"tr\"},{\"@type\":\"ImageObject\",\"@id\":\"https:\/\/fotokopi.com.tr\/index.php\/urun\/fotokopix-hp-05a-muadil-toner\/#primaryimage\",\"inLanguage\":\"tr\",\"url\":\"https:\/\/fotokopi.com.tr\/wp-content\/uploads\/2020\/10\/05atoner.png\",\"width\":375,\"height\":375},{\"@type\":\"WebPage\",\"@id\":\"https:\/\/fotokopi.com.tr\/index.php\/urun\/fotokopix-hp-05a-muadil-toner\/#webpage\",\"url\":\"https:\/\/fotokopi.com.tr\/index.php\/urun\/fotokopix-hp-05a-muadil-toner\/\",\"name\":\"Fotokopix HP 05A Muadil Toner (CE505A\\u00a0 - CRG-719) - Fotokopix\",\"isPartOf\":{\"@id\":\"https:\/\/fotokopi.com.tr\/#website\"},\"primaryImageOfPage\":{\"@id\":\"https:\/\/fotokopi.com.tr\/index.php\/urun\/fotokopix-hp-05a-muadil-toner\/#primaryimage\"},\"datePublished\":\"2020-10-02T11:37:40+00:00\",\"dateModified\":\"2025-12-28T05:22:35+00:00\",\"inLanguage\":\"tr\",\"potentialAction\":[{\"@type\":\"ReadAction\",\"target\":[\"https:\/\/fotokopi.com.tr\/index.php\/urun\/fotokopix-hp-05a-muadil-toner\/\"]}]}]}<\/script>\n<!-- \/ Yoast SEO plugin. -->","_links":{"self":[{"href":"https:\/\/fotokopi.com.tr\/index.php\/wp-json\/wp\/v2\/product\/3696"}],"collection":[{"href":"https:\/\/fotokopi.com.tr\/index.php\/wp-json\/wp\/v2\/product"}],"about":[{"href":"https:\/\/fotokopi.com.tr\/index.php\/wp-json\/wp\/v2\/types\/product"}],"replies":[{"embeddable":true,"href":"https:\/\/fotokopi.com.tr\/index.php\/wp-json\/wp\/v2\/comments?post=3696"}],"wp:featuredmedia":[{"embeddable":true,"href":"https:\/\/fotokopi.com.tr\/index.php\/wp-json\/wp\/v2\/media\/3697"}],"wp:attachment":[{"href":"https:\/\/fotokopi.com.tr\/index.php\/wp-json\/wp\/v2\/media?parent=3696"}],"curies":[{"name":"wp","href":"https:\/\/api.w.org\/{rel}","templated":true}]}}