{"id":3648,"date":"2020-10-01T17:51:08","date_gmt":"2020-10-01T17:51:08","guid":{"rendered":"https:\/\/fotokopi.com.tr\/?post_type=product&#038;p=3648"},"modified":"2025-11-11T23:01:52","modified_gmt":"2025-11-11T23:01:52","slug":"fotokopix-hp-83a-muadil-toner","status":"publish","type":"product","link":"https:\/\/fotokopi.com.tr\/index.php\/urun\/fotokopix-hp-83a-muadil-toner\/","title":{"rendered":"Fotokopix HP 83A Muadil Toner"},"content":{"rendered":"<div class=\"hpcl_row hpcl_section hpcl_keyspecifications inpage_cap_key-specs\">\n<header class=\"hpcl_row hpcl_titles\">\u00d6nemli \u00f6zellikler<\/header>\n<div class=\"hpcl_row\">\n<div class=\"\">\n<p class=\"\">Kartu\u015f rengi: Siyah<\/p>\n<\/div>\n<div class=\"\">\n<p class=\"\">Par\u00e7a Numaras\u0131: CF283A<\/p>\n<\/div>\n<\/div>\n<\/div>\n<div class=\"hpcl_row hpcl_fragment hpcl_no-close\">\n<div class=\"hpcl_row hpcl_section hpcl_expander hpcl_collapsed\">Uyumlu yaz\u0131c\u0131lar<\/div>\n<div class=\"hpcl_row hpcl_section hpcl_compatible\">\n<ul class=\"hpcl_full-s hpcl_six-m hpcl_feature-blocks\">\n<li>HP LaserJet Pro MFP M225dw (CF485V)<\/li>\n<li>HP LaserJet Pro MFP M125nw (CZ173A)<\/li>\n<li>HP LaserJet Pro M201n (CF455A)<\/li>\n<li>HP LaserJet Pro M127fw MFP (CZ183A)<\/li>\n<li>HP LaserJet Pro MFP M225dn (CF484A)<\/li>\n<\/ul>\n<ul class=\"hpcl_full-s hpcl_six-m hpcl_feature-blocks hpcl_feature-blocks-hidden\">\n<li>HP LaserJet Pro MFP M225dw (CF485A)<\/li>\n<li>HP LaserJet Pro MFP M125a (CZ172A)<\/li>\n<li>HP LaserJet Pro M127fn MFP (CZ181A)<\/li>\n<li>HP LaserJet Pro M201dw (CF456A)<\/li>\n<li>HP LaserJet Pro MFP M127fs (CZ187A)<\/li>\n<li>HP LaserJet Pro MFP M225dn (CF484V)<\/li>\n<\/ul>\n<\/div>\n<\/div>\n","protected":false},"excerpt":{"rendered":"<p>\u00d6nemli \u00f6zellikler Kartu\u015f rengi: Siyah Par\u00e7a Numaras\u0131: CF283A Uyumlu yaz\u0131c\u0131lar HP LaserJet Pro MFP M225dw (CF485V) HP LaserJet Pro MFP M125nw (CZ173A) HP LaserJet Pro M201n (CF455A) HP LaserJet Pro M127fw MFP (CZ183A) HP LaserJet Pro MFP M225dn (CF484A) HP LaserJet Pro MFP M225dw (CF485A) HP LaserJet Pro MFP M125a (CZ172A) HP LaserJet Pro M127fn MFP (CZ181A) HP LaserJet Pro M201dw (CF456A) HP LaserJet Pro MFP M127fs (CZ187A) HP LaserJet Pro MFP M225dn (CF484V)<\/p>\n","protected":false},"featured_media":3666,"comment_status":"open","ping_status":"closed","template":"","meta":{"_bbp_topic_count":0,"_bbp_reply_count":0,"_bbp_total_topic_count":0,"_bbp_total_reply_count":0,"_bbp_voice_count":0,"_bbp_anonymous_reply_count":0,"_bbp_topic_count_hidden":0,"_bbp_reply_count_hidden":0,"_bbp_forum_subforum_count":0},"yoast_head":"<!-- This site is optimized with the Yoast SEO plugin v15.1.1 - https:\/\/yoast.com\/wordpress\/plugins\/seo\/ -->\n<title>Fotokopix HP 83A Muadil Toner - Fotokopix<\/title>\n<meta name=\"robots\" content=\"index, follow, max-snippet:-1, max-image-preview:large, max-video-preview:-1\" \/>\n<link rel=\"canonical\" href=\"https:\/\/fotokopi.com.tr\/index.php\/urun\/fotokopix-hp-83a-muadil-toner\/\" \/>\n<meta property=\"og:locale\" content=\"tr_TR\" \/>\n<meta property=\"og:type\" content=\"article\" \/>\n<meta property=\"og:title\" content=\"Fotokopix HP 83A Muadil Toner - Fotokopix\" \/>\n<meta property=\"og:description\" content=\"\u00d6nemli \u00f6zellikler Kartu\u015f rengi: Siyah Par\u00e7a Numaras\u0131: CF283A Uyumlu yaz\u0131c\u0131lar HP LaserJet Pro MFP M225dw (CF485V) HP LaserJet Pro MFP M125nw (CZ173A) HP LaserJet Pro M201n (CF455A) HP LaserJet Pro M127fw MFP (CZ183A) HP LaserJet Pro MFP M225dn (CF484A) HP LaserJet Pro MFP M225dw (CF485A) HP LaserJet Pro MFP M125a (CZ172A) HP LaserJet Pro M127fn MFP (CZ181A) HP LaserJet Pro M201dw (CF456A) HP LaserJet Pro MFP M127fs (CZ187A) HP LaserJet Pro MFP M225dn (CF484V)\" \/>\n<meta property=\"og:url\" content=\"https:\/\/fotokopi.com.tr\/index.php\/urun\/fotokopix-hp-83a-muadil-toner\/\" \/>\n<meta property=\"og:site_name\" content=\"Fotokopix\" \/>\n<meta property=\"article:modified_time\" content=\"2025-11-11T23:01:52+00:00\" \/>\n<meta property=\"og:image\" content=\"https:\/\/fotokopi.com.tr\/wp-content\/uploads\/2020\/10\/POP\u00dcLER-HP-83-A.png\" \/>\n\t<meta property=\"og:image:width\" content=\"375\" \/>\n\t<meta property=\"og:image:height\" content=\"375\" \/>\n<meta name=\"twitter:card\" content=\"summary_large_image\" \/>\n<script type=\"application\/ld+json\" class=\"yoast-schema-graph\">{\"@context\":\"https:\/\/schema.org\",\"@graph\":[{\"@type\":\"WebSite\",\"@id\":\"https:\/\/fotokopi.com.tr\/#website\",\"url\":\"https:\/\/fotokopi.com.tr\/\",\"name\":\"Fotokopix\",\"description\":\"T\\u00fcrkiye&#039;nin Fotokopicisi\",\"potentialAction\":[{\"@type\":\"SearchAction\",\"target\":\"https:\/\/fotokopi.com.tr\/?s={search_term_string}\",\"query-input\":\"required name=search_term_string\"}],\"inLanguage\":\"tr\"},{\"@type\":\"ImageObject\",\"@id\":\"https:\/\/fotokopi.com.tr\/index.php\/urun\/fotokopix-hp-83a-muadil-toner\/#primaryimage\",\"inLanguage\":\"tr\",\"url\":\"https:\/\/fotokopi.com.tr\/wp-content\/uploads\/2020\/10\/POP\\u00dcLER-HP-83-A.png\",\"width\":375,\"height\":375},{\"@type\":\"WebPage\",\"@id\":\"https:\/\/fotokopi.com.tr\/index.php\/urun\/fotokopix-hp-83a-muadil-toner\/#webpage\",\"url\":\"https:\/\/fotokopi.com.tr\/index.php\/urun\/fotokopix-hp-83a-muadil-toner\/\",\"name\":\"Fotokopix HP 83A Muadil Toner - Fotokopix\",\"isPartOf\":{\"@id\":\"https:\/\/fotokopi.com.tr\/#website\"},\"primaryImageOfPage\":{\"@id\":\"https:\/\/fotokopi.com.tr\/index.php\/urun\/fotokopix-hp-83a-muadil-toner\/#primaryimage\"},\"datePublished\":\"2020-10-01T17:51:08+00:00\",\"dateModified\":\"2025-11-11T23:01:52+00:00\",\"inLanguage\":\"tr\",\"potentialAction\":[{\"@type\":\"ReadAction\",\"target\":[\"https:\/\/fotokopi.com.tr\/index.php\/urun\/fotokopix-hp-83a-muadil-toner\/\"]}]}]}<\/script>\n<!-- \/ Yoast SEO plugin. -->","_links":{"self":[{"href":"https:\/\/fotokopi.com.tr\/index.php\/wp-json\/wp\/v2\/product\/3648"}],"collection":[{"href":"https:\/\/fotokopi.com.tr\/index.php\/wp-json\/wp\/v2\/product"}],"about":[{"href":"https:\/\/fotokopi.com.tr\/index.php\/wp-json\/wp\/v2\/types\/product"}],"replies":[{"embeddable":true,"href":"https:\/\/fotokopi.com.tr\/index.php\/wp-json\/wp\/v2\/comments?post=3648"}],"wp:featuredmedia":[{"embeddable":true,"href":"https:\/\/fotokopi.com.tr\/index.php\/wp-json\/wp\/v2\/media\/3666"}],"wp:attachment":[{"href":"https:\/\/fotokopi.com.tr\/index.php\/wp-json\/wp\/v2\/media?parent=3648"}],"curies":[{"name":"wp","href":"https:\/\/api.w.org\/{rel}","templated":true}]}}