{"id":3631,"date":"2020-10-01T12:36:01","date_gmt":"2020-10-01T12:36:01","guid":{"rendered":"https:\/\/fotokopi.com.tr\/?post_type=product&#038;p=3631"},"modified":"2025-11-11T23:08:21","modified_gmt":"2025-11-11T23:08:21","slug":"yazici-usb-kablosu","status":"publish","type":"product","link":"https:\/\/fotokopi.com.tr\/index.php\/urun\/yazici-usb-kablosu\/","title":{"rendered":"Yaz\u0131c\u0131 USB Kablosu"},"content":{"rendered":"<table>\n<tbody>\n<tr>\n<td class=\"no-border\">\n<div id=\"productDescriptionContent\">\n<p>Usb2.0 1.5m Yaz\u0131c\u0131 USB Kablosu<\/p>\n<table border=\"0\" width=\"548\" cellspacing=\"0\" cellpadding=\"0\">\n<colgroup>\n<col width=\"548\" \/><\/colgroup>\n<tbody>\n<tr>\n<td class=\"xl66\" width=\"548\" height=\"20\"><strong><span style=\"color: #1d262c; font-family: Trebuchet MS; font-size: small;\">&#8211; USB 2.0 \u00f6zellikleriyle uyumlu<\/span><\/strong><\/td>\n<\/tr>\n<tr>\n<td class=\"xl66\" width=\"548\" height=\"20\"><strong><span style=\"color: #1d262c; font-family: Trebuchet MS; font-size: small;\">&#8211; Sinyal uzatma kablosu<\/span><\/strong><\/td>\n<\/tr>\n<tr>\n<td class=\"xl67\" height=\"20\"><strong><span style=\"color: #1d262c; font-family: Trebuchet MS; font-size: small;\">&#8211; Veri aktar\u0131m h\u0131z\u0131 kadar 480 Mbps<\/span><\/strong><\/td>\n<\/tr>\n<tr>\n<td class=\"xl67\" height=\"20\"><strong><span style=\"color: #1d262c; font-family: Trebuchet MS; font-size: small;\">-Tak ve \u00e7al\u0131\u015ft\u0131r<\/span><\/strong><\/td>\n<\/tr>\n<tr>\n<td class=\"xl67\" height=\"20\"><\/td>\n<\/tr>\n<\/tbody>\n<\/table>\n<\/div>\n<\/td>\n<\/tr>\n<\/tbody>\n<\/table>\n","protected":false},"excerpt":{"rendered":"<p>Usb2.0 1.5m Yaz\u0131c\u0131 USB Kablosu &#8211; USB 2.0 \u00f6zellikleriyle uyumlu &#8211; Sinyal uzatma kablosu &#8211; Veri aktar\u0131m h\u0131z\u0131 kadar 480 Mbps -Tak ve \u00e7al\u0131\u015ft\u0131r<\/p>\n","protected":false},"featured_media":3623,"comment_status":"open","ping_status":"closed","template":"","meta":{"_bbp_topic_count":0,"_bbp_reply_count":0,"_bbp_total_topic_count":0,"_bbp_total_reply_count":0,"_bbp_voice_count":0,"_bbp_anonymous_reply_count":0,"_bbp_topic_count_hidden":0,"_bbp_reply_count_hidden":0,"_bbp_forum_subforum_count":0},"yoast_head":"<!-- This site is optimized with the Yoast SEO plugin v15.1.1 - https:\/\/yoast.com\/wordpress\/plugins\/seo\/ -->\n<title>Yaz\u0131c\u0131 USB Kablosu - Fotokopix<\/title>\n<meta name=\"robots\" content=\"index, follow, max-snippet:-1, max-image-preview:large, max-video-preview:-1\" \/>\n<link rel=\"canonical\" href=\"https:\/\/fotokopi.com.tr\/index.php\/urun\/yazici-usb-kablosu\/\" \/>\n<meta property=\"og:locale\" content=\"tr_TR\" \/>\n<meta property=\"og:type\" content=\"article\" \/>\n<meta property=\"og:title\" content=\"Yaz\u0131c\u0131 USB Kablosu - Fotokopix\" \/>\n<meta property=\"og:description\" content=\"Usb2.0 1.5m Yaz\u0131c\u0131 USB Kablosu &#8211; USB 2.0 \u00f6zellikleriyle uyumlu &#8211; Sinyal uzatma kablosu &#8211; Veri aktar\u0131m h\u0131z\u0131 kadar 480 Mbps -Tak ve \u00e7al\u0131\u015ft\u0131r\" \/>\n<meta property=\"og:url\" content=\"https:\/\/fotokopi.com.tr\/index.php\/urun\/yazici-usb-kablosu\/\" \/>\n<meta property=\"og:site_name\" content=\"Fotokopix\" \/>\n<meta property=\"article:modified_time\" content=\"2025-11-11T23:08:21+00:00\" \/>\n<meta property=\"og:image\" content=\"https:\/\/fotokopi.com.tr\/wp-content\/uploads\/2020\/10\/USB-CABLE.png\" \/>\n\t<meta property=\"og:image:width\" content=\"375\" \/>\n\t<meta property=\"og:image:height\" content=\"375\" \/>\n<meta name=\"twitter:card\" content=\"summary_large_image\" \/>\n<script type=\"application\/ld+json\" class=\"yoast-schema-graph\">{\"@context\":\"https:\/\/schema.org\",\"@graph\":[{\"@type\":\"WebSite\",\"@id\":\"https:\/\/fotokopi.com.tr\/#website\",\"url\":\"https:\/\/fotokopi.com.tr\/\",\"name\":\"Fotokopix\",\"description\":\"T\\u00fcrkiye&#039;nin Fotokopicisi\",\"potentialAction\":[{\"@type\":\"SearchAction\",\"target\":\"https:\/\/fotokopi.com.tr\/?s={search_term_string}\",\"query-input\":\"required name=search_term_string\"}],\"inLanguage\":\"tr\"},{\"@type\":\"ImageObject\",\"@id\":\"https:\/\/fotokopi.com.tr\/index.php\/urun\/yazici-usb-kablosu\/#primaryimage\",\"inLanguage\":\"tr\",\"url\":\"https:\/\/fotokopi.com.tr\/wp-content\/uploads\/2020\/10\/USB-CABLE.png\",\"width\":375,\"height\":375},{\"@type\":\"WebPage\",\"@id\":\"https:\/\/fotokopi.com.tr\/index.php\/urun\/yazici-usb-kablosu\/#webpage\",\"url\":\"https:\/\/fotokopi.com.tr\/index.php\/urun\/yazici-usb-kablosu\/\",\"name\":\"Yaz\\u0131c\\u0131 USB Kablosu - Fotokopix\",\"isPartOf\":{\"@id\":\"https:\/\/fotokopi.com.tr\/#website\"},\"primaryImageOfPage\":{\"@id\":\"https:\/\/fotokopi.com.tr\/index.php\/urun\/yazici-usb-kablosu\/#primaryimage\"},\"datePublished\":\"2020-10-01T12:36:01+00:00\",\"dateModified\":\"2025-11-11T23:08:21+00:00\",\"inLanguage\":\"tr\",\"potentialAction\":[{\"@type\":\"ReadAction\",\"target\":[\"https:\/\/fotokopi.com.tr\/index.php\/urun\/yazici-usb-kablosu\/\"]}]}]}<\/script>\n<!-- \/ Yoast SEO plugin. -->","_links":{"self":[{"href":"https:\/\/fotokopi.com.tr\/index.php\/wp-json\/wp\/v2\/product\/3631"}],"collection":[{"href":"https:\/\/fotokopi.com.tr\/index.php\/wp-json\/wp\/v2\/product"}],"about":[{"href":"https:\/\/fotokopi.com.tr\/index.php\/wp-json\/wp\/v2\/types\/product"}],"replies":[{"embeddable":true,"href":"https:\/\/fotokopi.com.tr\/index.php\/wp-json\/wp\/v2\/comments?post=3631"}],"wp:featuredmedia":[{"embeddable":true,"href":"https:\/\/fotokopi.com.tr\/index.php\/wp-json\/wp\/v2\/media\/3623"}],"wp:attachment":[{"href":"https:\/\/fotokopi.com.tr\/index.php\/wp-json\/wp\/v2\/media?parent=3631"}],"curies":[{"name":"wp","href":"https:\/\/api.w.org\/{rel}","templated":true}]}}