{"id":3601,"date":"2020-10-01T09:33:45","date_gmt":"2020-10-01T09:33:45","guid":{"rendered":"https:\/\/fotokopi.com.tr\/?post_type=product&#038;p=3601"},"modified":"2025-12-17T21:42:32","modified_gmt":"2025-12-17T21:42:32","slug":"toner-dolumu","status":"publish","type":"product","link":"https:\/\/fotokopi.com.tr\/index.php\/urun\/toner-dolumu\/","title":{"rendered":"Toner Dolumu"},"content":{"rendered":"<p>Bursa ve \u0130stanbul&#8217;da Yerinde Toner Dolumu Yapmaktay\u0131z. Toner Dolumu Yaparak Hem Do\u011fay\u0131 Korumu\u015f Olursunuz Hem De Tasarruf Yapm\u0131\u015f Olursunuz.<\/p>\n","protected":false},"excerpt":{"rendered":"<p>Bursa ve \u0130stanbul&#8217;da Yerinde Toner Dolumu Yapmaktay\u0131z. Toner Dolumu Yaparak Hem Do\u011fay\u0131 Korumu\u015f Olursunuz Hem De Tasarruf Yapm\u0131\u015f Olursunuz.<\/p>\n","protected":false},"featured_media":3622,"comment_status":"open","ping_status":"closed","template":"","meta":{"_bbp_topic_count":0,"_bbp_reply_count":0,"_bbp_total_topic_count":0,"_bbp_total_reply_count":0,"_bbp_voice_count":0,"_bbp_anonymous_reply_count":0,"_bbp_topic_count_hidden":0,"_bbp_reply_count_hidden":0,"_bbp_forum_subforum_count":0},"yoast_head":"<!-- This site is optimized with the Yoast SEO plugin v15.1.1 - https:\/\/yoast.com\/wordpress\/plugins\/seo\/ -->\n<title>Toner Dolumu - Fotokopix<\/title>\n<meta name=\"robots\" content=\"index, follow, max-snippet:-1, max-image-preview:large, max-video-preview:-1\" \/>\n<link rel=\"canonical\" href=\"https:\/\/fotokopi.com.tr\/index.php\/urun\/toner-dolumu\/\" \/>\n<meta property=\"og:locale\" content=\"tr_TR\" \/>\n<meta property=\"og:type\" content=\"article\" \/>\n<meta property=\"og:title\" content=\"Toner Dolumu - Fotokopix\" \/>\n<meta property=\"og:description\" content=\"Bursa ve \u0130stanbul&#8217;da Yerinde Toner Dolumu Yapmaktay\u0131z. Toner Dolumu Yaparak Hem Do\u011fay\u0131 Korumu\u015f Olursunuz Hem De Tasarruf Yapm\u0131\u015f Olursunuz.\" \/>\n<meta property=\"og:url\" content=\"https:\/\/fotokopi.com.tr\/index.php\/urun\/toner-dolumu\/\" \/>\n<meta property=\"og:site_name\" content=\"Fotokopix\" \/>\n<meta property=\"article:modified_time\" content=\"2025-12-17T21:42:32+00:00\" \/>\n<meta property=\"og:image\" content=\"https:\/\/fotokopi.com.tr\/wp-content\/uploads\/2020\/10\/TONER-DOLUMU.png\" \/>\n\t<meta property=\"og:image:width\" content=\"375\" \/>\n\t<meta property=\"og:image:height\" content=\"375\" \/>\n<meta name=\"twitter:card\" content=\"summary_large_image\" \/>\n<script type=\"application\/ld+json\" class=\"yoast-schema-graph\">{\"@context\":\"https:\/\/schema.org\",\"@graph\":[{\"@type\":\"WebSite\",\"@id\":\"https:\/\/fotokopi.com.tr\/#website\",\"url\":\"https:\/\/fotokopi.com.tr\/\",\"name\":\"Fotokopix\",\"description\":\"T\\u00fcrkiye&#039;nin Fotokopicisi\",\"potentialAction\":[{\"@type\":\"SearchAction\",\"target\":\"https:\/\/fotokopi.com.tr\/?s={search_term_string}\",\"query-input\":\"required name=search_term_string\"}],\"inLanguage\":\"tr\"},{\"@type\":\"ImageObject\",\"@id\":\"https:\/\/fotokopi.com.tr\/index.php\/urun\/toner-dolumu\/#primaryimage\",\"inLanguage\":\"tr\",\"url\":\"https:\/\/fotokopi.com.tr\/wp-content\/uploads\/2020\/10\/TONER-DOLUMU.png\",\"width\":375,\"height\":375},{\"@type\":\"WebPage\",\"@id\":\"https:\/\/fotokopi.com.tr\/index.php\/urun\/toner-dolumu\/#webpage\",\"url\":\"https:\/\/fotokopi.com.tr\/index.php\/urun\/toner-dolumu\/\",\"name\":\"Toner Dolumu - Fotokopix\",\"isPartOf\":{\"@id\":\"https:\/\/fotokopi.com.tr\/#website\"},\"primaryImageOfPage\":{\"@id\":\"https:\/\/fotokopi.com.tr\/index.php\/urun\/toner-dolumu\/#primaryimage\"},\"datePublished\":\"2020-10-01T09:33:45+00:00\",\"dateModified\":\"2025-12-17T21:42:32+00:00\",\"inLanguage\":\"tr\",\"potentialAction\":[{\"@type\":\"ReadAction\",\"target\":[\"https:\/\/fotokopi.com.tr\/index.php\/urun\/toner-dolumu\/\"]}]}]}<\/script>\n<!-- \/ Yoast SEO plugin. -->","_links":{"self":[{"href":"https:\/\/fotokopi.com.tr\/index.php\/wp-json\/wp\/v2\/product\/3601"}],"collection":[{"href":"https:\/\/fotokopi.com.tr\/index.php\/wp-json\/wp\/v2\/product"}],"about":[{"href":"https:\/\/fotokopi.com.tr\/index.php\/wp-json\/wp\/v2\/types\/product"}],"replies":[{"embeddable":true,"href":"https:\/\/fotokopi.com.tr\/index.php\/wp-json\/wp\/v2\/comments?post=3601"}],"wp:featuredmedia":[{"embeddable":true,"href":"https:\/\/fotokopi.com.tr\/index.php\/wp-json\/wp\/v2\/media\/3622"}],"wp:attachment":[{"href":"https:\/\/fotokopi.com.tr\/index.php\/wp-json\/wp\/v2\/media?parent=3601"}],"curies":[{"name":"wp","href":"https:\/\/api.w.org\/{rel}","templated":true}]}}